{"id":11,"date":"2021-08-08T17:03:04","date_gmt":"2021-08-08T14:03:04","guid":{"rendered":"https:\/\/fudloop.ee\/?page_id=11"},"modified":"2022-06-05T21:52:43","modified_gmt":"2022-06-05T18:52:43","slug":"tule-vabatahtlikuks","status":"publish","type":"page","link":"https:\/\/fudloop.ee\/lv\/tule-vabatahtlikuks\/","title":{"rendered":"Tule vabatahtlikuks"},"content":{"rendered":"<div data-elementor-type=\"wp-page\" data-elementor-id=\"11\" class=\"elementor elementor-11\">\n\t\t\t\t\t\t<section class=\"elementor-section elementor-top-section elementor-element elementor-element-2ecdc14 elementor-section-boxed elementor-section-height-default elementor-section-height-default\" data-id=\"2ecdc14\" data-element_type=\"section\">\n\t\t\t\t\t\t<div class=\"elementor-container elementor-column-gap-default\">\n\t\t\t\t\t<div class=\"elementor-column elementor-col-100 elementor-top-column elementor-element elementor-element-c5bbb72\" data-id=\"c5bbb72\" data-element_type=\"column\">\n\t\t\t<div class=\"elementor-widget-wrap elementor-element-populated\">\n\t\t\t\t\t\t<div class=\"elementor-element elementor-element-df4543d elementor-widget elementor-widget-heading\" data-id=\"df4543d\" data-element_type=\"widget\" data-widget_type=\"heading.default\">\n\t\t\t\t<div class=\"elementor-widget-container\">\n\t\t\t\t\t<h2 class=\"elementor-heading-title elementor-size-default\">Tule vabatahtlikuks!<\/h2>\t\t\t\t<\/div>\n\t\t\t\t<\/div>\n\t\t\t\t\t<\/div>\n\t\t<\/div>\n\t\t\t\t\t<\/div>\n\t\t<\/section>\n\t\t\t\t<section class=\"elementor-section elementor-top-section elementor-element elementor-element-c033611 elementor-section-boxed elementor-section-height-default elementor-section-height-default\" data-id=\"c033611\" data-element_type=\"section\">\n\t\t\t\t\t\t<div class=\"elementor-container elementor-column-gap-default\">\n\t\t\t\t\t<div class=\"elementor-column elementor-col-50 elementor-top-column elementor-element elementor-element-f77dd45\" data-id=\"f77dd45\" data-element_type=\"column\">\n\t\t\t<div class=\"elementor-widget-wrap elementor-element-populated\">\n\t\t\t\t\t\t<div class=\"elementor-element elementor-element-1e8ad95 elementor-widget elementor-widget-text-editor\" data-id=\"1e8ad95\" data-element_type=\"widget\" data-widget_type=\"text-editor.default\">\n\t\t\t\t<div class=\"elementor-widget-container\">\n\t\t\t\t\t\t\t\t\t<p>Otsime vabatahtlikke toidup\u00e4\u00e4stjaid, kes transpordiks toitu annetuskohtadest toidujagamiskappi ning aitaks kapi puhastamisega.<\/p><p>Toidu transport eeldab kindlasti isikliku auto olemasolu.<\/p><p>Vabatahtlik v\u00f5ib endale valida osa transporditavast toidust.<\/p><p>Samuti otsime vabatahtlikeks inimesi, kellel on t\u00f6\u00f6kogemus infotehnoloogia, logistika, kommunikatsiooni v\u00f5i turunduse valdkonnas.<\/p><p>Kui sa tahad tulla FudLoopile appi toitu p\u00e4\u00e4stma, siis palun t\u00e4ida \u00e4ra allolev registreerimisvorm.<\/p>\t\t\t\t\t\t\t\t<\/div>\n\t\t\t\t<\/div>\n\t\t\t\t<div class=\"elementor-element elementor-element-fdc512b eael-ninja-form-button-custom elementor-widget elementor-widget-eael-ninja\" data-id=\"fdc512b\" data-element_type=\"widget\" data-widget_type=\"eael-ninja.default\">\n\t\t\t\t<div class=\"elementor-widget-container\">\n\t\t\t\t\t            <div class=\"eael-contact-form eael-ninja-form eael-contact-form-align-default\" id=\"eael-ninja-form-11\">\n                                <noscript class=\"ninja-forms-noscript-message\">\n\tNotice: JavaScript is required for this content.<\/noscript>\n<div id=\"nf-form-4-cont\" class=\"nf-form-cont\" aria-live=\"polite\" aria-labelledby=\"nf-form-title-4\" aria-describedby=\"nf-form-errors-4\" role=\"form\">\n\n    <div class=\"nf-loading-spinner\"><\/div>\n\n<\/div>\n        <!-- That data is being printed as a workaround to page builders reordering the order of the scripts loaded-->\n        <script>var formDisplay=1;var nfForms=nfForms||[];var form=[];form.id='4';form.settings={\"objectType\":\"Form Setting\",\"editActive\":true,\"title\":\"Hakka vabatahtlikuks al. 05.06.2022\",\"created_at\":\"2022-06-03 21:55:16\",\"default_label_pos\":\"hidden\",\"show_title\":\"0\",\"clear_complete\":\"1\",\"hide_complete\":\"1\",\"logged_in\":\"\",\"wrapper_class\":\"\",\"element_class\":\"\",\"key\":\"\",\"add_submit\":\"0\",\"changeEmailErrorMsg\":\"Palun sisestage korraktne emaili aadress\",\"changeDateErrorMsg\":\"Please enter a valid date!\",\"confirmFieldErrorMsg\":\"These fields must match!\",\"fieldNumberNumMinError\":\"Number Min Error\",\"fieldNumberNumMaxError\":\"Number Max Error\",\"fieldNumberIncrementBy\":\"Please increment by \",\"formErrorsCorrectErrors\":\"Parandage vead enne vormi saatmist.\",\"validateRequiredField\":\"See on n\\u00f5utud v\\u00e4li\",\"honeypotHoneypotError\":\"Vale vastus\",\"fieldsMarkedRequired\":\"* m\\u00e4rgitud v\\u00e4ljad on kohustuslikud\",\"currency\":\"\",\"repeatable_fieldsets\":\"\",\"unique_field_error\":\"A form with this value has already been submitted.\",\"not_logged_in_msg\":\"\",\"sub_limit_msg\":\"The form has reached its submission limit.\",\"calculations\":[],\"formContentData\":[\"eesnimi_1628443575857\",\"perenimi_1628443605068\",\"email_1628443566386\",\"telefon_1628443624190\",\"eelistatud_asukoht_1654282567411\",\"eelistatud_aeg_1654445038328\",\"lisainformatsioon_1628443637309\",\"nousolek_1654406094576\",\"listselect_1687284120423\",\"spam_1628443832055\",\"saada_1628443692302\"],\"drawerDisabled\":false,\"allow_public_link\":0,\"public_link\":\"https:\\\/\\\/fudloop.ee\\\/ninja-forms\\\/4x5sr\",\"embed_form\":\"\",\"public_link_key\":\"4x5sr\",\"ninjaForms\":\"Ninja Forms\",\"fieldTextareaRTEInsertLink\":\"Insert Link\",\"fieldTextareaRTEInsertMedia\":\"Insert Media\",\"fieldTextareaRTESelectAFile\":\"Select a file\",\"formHoneypot\":\"If you are a human seeing this field, please leave it empty.\",\"fileUploadOldCodeFileUploadInProgress\":\"File Upload in Progress.\",\"fileUploadOldCodeFileUpload\":\"FILE UPLOAD\",\"currencySymbol\":\"&#36;\",\"thousands_sep\":\"&nbsp;\",\"decimal_point\":\",\",\"siteLocale\":\"lv\",\"dateFormat\":\"m\\\/d\\\/Y\",\"startOfWeek\":\"1\",\"of\":\"of\",\"previousMonth\":\"Previous Month\",\"nextMonth\":\"Next Month\",\"months\":[\"January\",\"February\",\"March\",\"April\",\"May\",\"June\",\"July\",\"August\",\"September\",\"October\",\"November\",\"December\"],\"monthsShort\":[\"Jan\",\"Feb\",\"Mar\",\"Apr\",\"May\",\"Jun\",\"Jul\",\"Aug\",\"Sep\",\"Oct\",\"Nov\",\"Dec\"],\"weekdays\":[\"Sunday\",\"Monday\",\"Tuesday\",\"Wednesday\",\"Thursday\",\"Friday\",\"Saturday\"],\"weekdaysShort\":[\"Sun\",\"Mon\",\"Tue\",\"Wed\",\"Thu\",\"Fri\",\"Sat\"],\"weekdaysMin\":[\"Su\",\"Mo\",\"Tu\",\"We\",\"Th\",\"Fr\",\"Sa\"],\"recaptchaConsentMissing\":\"reCaptcha validation couldn&#039;t load.\",\"recaptchaMissingCookie\":\"reCaptcha v3 validation couldn&#039;t load the cookie needed to submit the form.\",\"recaptchaConsentEvent\":\"Accept reCaptcha cookies before sending the form.\",\"currency_symbol\":\"\",\"beforeForm\":\"\",\"beforeFields\":\"\",\"afterFields\":\"\",\"afterForm\":\"\"};form.fields=[{\"objectType\":\"Field\",\"objectDomain\":\"fields\",\"editActive\":false,\"order\":1,\"idAttribute\":\"id\",\"type\":\"firstname\",\"label\":\"Eesnimi\",\"key\":\"eesnimi_1628443575857\",\"label_pos\":\"hidden\",\"required\":1,\"default\":\"\",\"placeholder\":\"Eesnimi\",\"container_class\":\"one-half first\",\"element_class\":\"\",\"admin_label\":\"\",\"help_text\":\"\",\"custom_name_attribute\":\"fname\",\"personally_identifiable\":1,\"value\":\"\",\"drawerDisabled\":\"\",\"field_label\":\"Eesnimi\",\"field_key\":\"eesnimi_1628443575857\",\"id\":19,\"beforeField\":\"\",\"afterField\":\"\",\"parentType\":\"firstname\",\"element_templates\":[\"firstname\",\"input\"],\"old_classname\":\"\",\"wrap_template\":\"wrap\"},{\"objectType\":\"Field\",\"objectDomain\":\"fields\",\"editActive\":false,\"order\":2,\"idAttribute\":\"id\",\"type\":\"lastname\",\"label\":\"Perenimi\",\"key\":\"perenimi_1628443605068\",\"label_pos\":\"hidden\",\"required\":1,\"default\":\"\",\"placeholder\":\"Perenimi\",\"container_class\":\"one-half\",\"element_class\":\"\",\"admin_label\":\"\",\"help_text\":\"\",\"custom_name_attribute\":\"lname\",\"personally_identifiable\":1,\"value\":\"\",\"field_label\":\"Perenimi\",\"field_key\":\"perenimi_1628443605068\",\"id\":20,\"beforeField\":\"\",\"afterField\":\"\",\"parentType\":\"lastname\",\"element_templates\":[\"lastname\",\"input\"],\"old_classname\":\"\",\"wrap_template\":\"wrap\"},{\"objectType\":\"Field\",\"objectDomain\":\"fields\",\"editActive\":false,\"order\":3,\"idAttribute\":\"id\",\"type\":\"email\",\"label\":\"Email\",\"key\":\"email_1628443566386\",\"label_pos\":\"hidden\",\"required\":1,\"default\":\"\",\"placeholder\":\"Email\",\"container_class\":\"\",\"element_class\":\"\",\"admin_label\":\"\",\"help_text\":\"\",\"custom_name_attribute\":\"email\",\"personally_identifiable\":1,\"value\":\"\",\"field_label\":\"Email\",\"field_key\":\"email_1628443566386\",\"id\":21,\"beforeField\":\"\",\"afterField\":\"\",\"parentType\":\"email\",\"element_templates\":[\"email\",\"input\"],\"old_classname\":\"\",\"wrap_template\":\"wrap\"},{\"objectType\":\"Field\",\"objectDomain\":\"fields\",\"editActive\":false,\"order\":4,\"idAttribute\":\"id\",\"type\":\"phone\",\"label\":\"Telefon\",\"key\":\"telefon_1628443624190\",\"label_pos\":\"hidden\",\"required\":1,\"default\":\"\",\"placeholder\":\"Telefon\",\"container_class\":\"\",\"element_class\":\"\",\"input_limit\":\"\",\"input_limit_type\":\"characters\",\"input_limit_msg\":\"Character(s) left\",\"manual_key\":\"\",\"admin_label\":\"\",\"help_text\":\"\",\"mask\":\"\",\"custom_mask\":\"\",\"custom_name_attribute\":\"phone\",\"personally_identifiable\":1,\"value\":\"\",\"field_label\":\"Telefon\",\"field_key\":\"telefon_1628443624190\",\"drawerDisabled\":false,\"id\":22,\"beforeField\":\"\",\"afterField\":\"\",\"parentType\":\"textbox\",\"element_templates\":[\"tel\",\"textbox\",\"input\"],\"old_classname\":\"\",\"wrap_template\":\"wrap\"},{\"objectType\":\"Field\",\"objectDomain\":\"fields\",\"editActive\":false,\"order\":5,\"idAttribute\":\"id\",\"type\":\"phone\",\"label\":\"Eelistatud asukoht\",\"key\":\"eelistatud_asukoht_1654282567411\",\"label_pos\":\"hidden\",\"required\":1,\"default\":\"\",\"placeholder\":\"Linnaosa v\\u00f5i piirkond, kust eelistad toitu transportida\",\"container_class\":\"\",\"element_class\":\"\",\"input_limit\":\"\",\"input_limit_type\":\"characters\",\"input_limit_msg\":\"Character(s) left\",\"manual_key\":\"\",\"admin_label\":\"\",\"help_text\":\"\",\"mask\":\"\",\"custom_mask\":\"\",\"custom_name_attribute\":\"location\",\"personally_identifiable\":1,\"value\":\"\",\"field_label\":\"Telefon\",\"field_key\":\"telefon_1628443624190\",\"drawerDisabled\":false,\"id\":26,\"beforeField\":\"\",\"afterField\":\"\",\"parentType\":\"textbox\",\"element_templates\":[\"tel\",\"textbox\",\"input\"],\"old_classname\":\"\",\"wrap_template\":\"wrap\"},{\"objectType\":\"Field\",\"objectDomain\":\"fields\",\"editActive\":false,\"order\":6,\"idAttribute\":\"id\",\"type\":\"phone\",\"label\":\"Eelistatud aeg\",\"key\":\"eelistatud_aeg_1654445038328\",\"label_pos\":\"hidden\",\"required\":1,\"default\":\"\",\"placeholder\":\"Kellaaeg, millal eelistad vabatahtlikku t\\u00f6\\u00f6d teha (hommik\\\/t\\u00f6\\u00f6aeg\\\/\\u00f5htu)\",\"container_class\":\"\",\"element_class\":\"\",\"input_limit\":\"\",\"input_limit_type\":\"characters\",\"input_limit_msg\":\"Character(s) left\",\"manual_key\":\"\",\"admin_label\":\"\",\"help_text\":\"\",\"mask\":\"\",\"custom_mask\":\"\",\"custom_name_attribute\":\"location\",\"personally_identifiable\":1,\"value\":\"\",\"field_label\":\"Telefon\",\"field_key\":\"telefon_1628443624190\",\"drawerDisabled\":false,\"id\":35,\"beforeField\":\"\",\"afterField\":\"\",\"parentType\":\"textbox\",\"element_templates\":[\"tel\",\"textbox\",\"input\"],\"old_classname\":\"\",\"wrap_template\":\"wrap\"},{\"objectType\":\"Field\",\"objectDomain\":\"fields\",\"editActive\":false,\"order\":9,\"idAttribute\":\"id\",\"type\":\"textarea\",\"label\":\"Lisainformatsioon\",\"key\":\"lisainformatsioon_1628443637309\",\"label_pos\":\"hidden\",\"required\":\"\",\"default\":\"\",\"placeholder\":\"Kirjuta siia, miks toidu s\\u00e4\\u00e4stmine on sulle oluline ning miks soovid vabatahtlikuks tulla. \\n\\nKas sul on veel erioskusi, millega meid aidata saad - nt hea vene keele oskus, turunduskogemus, IT-teadmised vms?\",\"container_class\":\"\",\"element_class\":\"\",\"input_limit\":\"\",\"input_limit_type\":\"characters\",\"input_limit_msg\":\"Character(s) left\",\"manual_key\":\"\",\"admin_label\":\"\",\"help_text\":\"\",\"textarea_rte\":\"\",\"disable_rte_mobile\":\"\",\"textarea_media\":\"\",\"value\":\"\",\"field_label\":\"Lisainformatsioon\",\"field_key\":\"lisainformatsioon_1628443637309\",\"drawerDisabled\":false,\"id\":23,\"beforeField\":\"\",\"afterField\":\"\",\"parentType\":\"textarea\",\"element_templates\":[\"textarea\",\"input\"],\"old_classname\":\"\",\"wrap_template\":\"wrap\"},{\"objectType\":\"Field\",\"objectDomain\":\"fields\",\"editActive\":false,\"order\":10,\"idAttribute\":\"id\",\"label\":\"N\\u00f5usolek\",\"type\":\"listselect\",\"key\":\"nousolek_1654406094576\",\"label_pos\":\"hidden\",\"required\":1,\"options\":[{\"errors\":[],\"max_options\":0,\"label\":\"Olen n\\u00f5us, et esitatud andmeid s\\u00e4ilitatakse FudLoopi andmebaasis\",\"value\":\"s2ilitamise n6usolek\",\"calc\":\"\",\"selected\":0,\"order\":0,\"settingModel\":{\"settings\":false,\"hide_merge_tags\":false,\"error\":false,\"name\":\"options\",\"type\":\"option-repeater\",\"label\":\"Options <a href=\\\"#\\\" class=\\\"nf-add-new\\\">Add New<\\\/a> <a href=\\\"#\\\" class=\\\"extra nf-open-import-tooltip\\\"><i class=\\\"fa fa-sign-in\\\" aria-hidden=\\\"true\\\"><\\\/i> Import<\\\/a>\",\"width\":\"full\",\"group\":\"\",\"value\":[{\"label\":\"One\",\"value\":\"one\",\"calc\":\"\",\"selected\":0,\"order\":0},{\"label\":\"Two\",\"value\":\"two\",\"calc\":\"\",\"selected\":0,\"order\":1},{\"label\":\"Three\",\"value\":\"three\",\"calc\":\"\",\"selected\":0,\"order\":2}],\"columns\":{\"label\":{\"header\":\"Label\",\"default\":\"\"},\"value\":{\"header\":\"Value\",\"default\":\"\"},\"calc\":{\"header\":\"Calc Value\",\"default\":\"\"},\"selected\":{\"header\":\"<span class=\\\"dashicons dashicons-yes\\\"><\\\/span>\",\"default\":0}}},\"manual_value\":true},{\"errors\":[],\"max_options\":0,\"label\":\"Ma ei soovi oma andmeid FudLoopile edastada\",\"value\":\"keeldumine\",\"calc\":\"\",\"selected\":0,\"order\":1,\"settingModel\":{\"settings\":false,\"hide_merge_tags\":false,\"error\":false,\"name\":\"options\",\"type\":\"option-repeater\",\"label\":\"Options <a href=\\\"#\\\" class=\\\"nf-add-new\\\">Add New<\\\/a> <a href=\\\"#\\\" class=\\\"extra nf-open-import-tooltip\\\"><i class=\\\"fa fa-sign-in\\\" aria-hidden=\\\"true\\\"><\\\/i> Import<\\\/a>\",\"width\":\"full\",\"group\":\"\",\"value\":[{\"label\":\"One\",\"value\":\"one\",\"calc\":\"\",\"selected\":0,\"order\":0},{\"label\":\"Two\",\"value\":\"two\",\"calc\":\"\",\"selected\":0,\"order\":1},{\"label\":\"Three\",\"value\":\"three\",\"calc\":\"\",\"selected\":0,\"order\":2}],\"columns\":{\"label\":{\"header\":\"Label\",\"default\":\"\"},\"value\":{\"header\":\"Value\",\"default\":\"\"},\"calc\":{\"header\":\"Calc Value\",\"default\":\"\"},\"selected\":{\"header\":\"<span class=\\\"dashicons dashicons-yes\\\"><\\\/span>\",\"default\":0}}},\"manual_value\":true}],\"container_class\":\"\",\"element_class\":\"\",\"admin_label\":\"\",\"help_text\":\"\",\"desc_text\":\"<br>\",\"drawerDisabled\":false,\"id\":32,\"beforeField\":\"\",\"afterField\":\"\",\"value\":\"\",\"parentType\":\"list\",\"element_templates\":[\"listselect\",\"input\"],\"old_classname\":\"list-select\",\"wrap_template\":\"wrap\"},{\"objectType\":\"Field\",\"objectDomain\":\"fields\",\"editActive\":false,\"order\":10,\"idAttribute\":\"id\",\"label\":\"N\\u00f5usolek Copy\",\"type\":\"listselect\",\"key\":\"listselect_1687284120423\",\"label_pos\":\"hidden\",\"required\":1,\"options\":[{\"errors\":[],\"max_options\":0,\"label\":\"Olen n\\u00f5us, et minu telefoninumbrit n\\u00e4evad teised vabatahtlikud\",\"value\":\"telefoninumbri n6usolek\",\"calc\":\"\",\"selected\":0,\"order\":0,\"settingModel\":{\"settings\":false,\"hide_merge_tags\":false,\"error\":false,\"name\":\"options\",\"type\":\"option-repeater\",\"label\":\"Options <a href=\\\"#\\\" class=\\\"nf-add-new\\\">Add New<\\\/a> <a href=\\\"#\\\" class=\\\"extra nf-open-import-tooltip\\\"><i class=\\\"fa fa-sign-in\\\" aria-hidden=\\\"true\\\"><\\\/i> Import<\\\/a>\",\"width\":\"full\",\"group\":\"\",\"value\":[{\"label\":\"One\",\"value\":\"one\",\"calc\":\"\",\"selected\":0,\"order\":0},{\"label\":\"Two\",\"value\":\"two\",\"calc\":\"\",\"selected\":0,\"order\":1},{\"label\":\"Three\",\"value\":\"three\",\"calc\":\"\",\"selected\":0,\"order\":2}],\"columns\":{\"label\":{\"header\":\"Label\",\"default\":\"\"},\"value\":{\"header\":\"Value\",\"default\":\"\"},\"calc\":{\"header\":\"Calc Value\",\"default\":\"\"},\"selected\":{\"header\":\"<span class=\\\"dashicons dashicons-yes\\\"><\\\/span>\",\"default\":0}}},\"manual_value\":true},{\"errors\":[],\"max_options\":0,\"label\":\"Ma ei soovi oma telefoninumbrit jagada\",\"value\":\"keeldumine\",\"calc\":\"\",\"selected\":0,\"order\":1,\"settingModel\":{\"settings\":false,\"hide_merge_tags\":false,\"error\":false,\"name\":\"options\",\"type\":\"option-repeater\",\"label\":\"Options <a href=\\\"#\\\" class=\\\"nf-add-new\\\">Add New<\\\/a> <a href=\\\"#\\\" class=\\\"extra nf-open-import-tooltip\\\"><i class=\\\"fa fa-sign-in\\\" aria-hidden=\\\"true\\\"><\\\/i> Import<\\\/a>\",\"width\":\"full\",\"group\":\"\",\"value\":[{\"label\":\"One\",\"value\":\"one\",\"calc\":\"\",\"selected\":0,\"order\":0},{\"label\":\"Two\",\"value\":\"two\",\"calc\":\"\",\"selected\":0,\"order\":1},{\"label\":\"Three\",\"value\":\"three\",\"calc\":\"\",\"selected\":0,\"order\":2}],\"columns\":{\"label\":{\"header\":\"Label\",\"default\":\"\"},\"value\":{\"header\":\"Value\",\"default\":\"\"},\"calc\":{\"header\":\"Calc Value\",\"default\":\"\"},\"selected\":{\"header\":\"<span class=\\\"dashicons dashicons-yes\\\"><\\\/span>\",\"default\":0}}},\"manual_value\":true}],\"container_class\":\"\",\"element_class\":\"\",\"admin_label\":\"\",\"help_text\":\"\",\"desc_text\":\"<p>Andmeid kogutakse, t\\u00f6\\u00f6deldakse ja kasutatakse koosk\\u00f5las andmekaitseseaduse n\\u00f5uetega.<br>T\\u00e4iendav informatsioon: info@fudloop.ee<br><\\\/p>\",\"drawerDisabled\":false,\"id\":46,\"beforeField\":\"\",\"afterField\":\"\",\"value\":\"\",\"parentType\":\"list\",\"element_templates\":[\"listselect\",\"input\"],\"old_classname\":\"list-select\",\"wrap_template\":\"wrap\"},{\"objectType\":\"Field\",\"objectDomain\":\"fields\",\"editActive\":false,\"order\":11,\"idAttribute\":\"id\",\"type\":\"spam\",\"label\":\"12+4=?\",\"key\":\"spam_1628443832055\",\"label_pos\":\"hidden\",\"required\":1,\"default\":\"\",\"placeholder\":\"12+4=?\",\"container_class\":\"\",\"element_class\":\"\",\"input_limit\":\"\",\"input_limit_type\":\"characters\",\"input_limit_msg\":\"Character(s) left\",\"manual_key\":1,\"admin_label\":\"\",\"help_text\":\"\",\"spam_answer\":16,\"value\":\"\",\"drawerDisabled\":false,\"field_label\":\"12+7=?\",\"field_key\":\"spam_1628443832055\",\"id\":24,\"beforeField\":\"\",\"afterField\":\"\",\"parentType\":\"spam\",\"element_templates\":[\"textbox\",\"input\"],\"old_classname\":\"\",\"wrap_template\":\"wrap\"},{\"objectType\":\"Field\",\"objectDomain\":\"fields\",\"editActive\":false,\"order\":12,\"idAttribute\":\"id\",\"type\":\"submit\",\"label\":\"Saada\",\"processing_label\":\"Saatmisel....\",\"container_class\":\"\",\"element_class\":\"\",\"key\":\"saada_1628443692302\",\"drawerDisabled\":\"\",\"field_label\":\"Saada\",\"field_key\":\"saada_1628443692302\",\"id\":25,\"beforeField\":\"\",\"afterField\":\"\",\"value\":\"\",\"label_pos\":\"hidden\",\"parentType\":\"textbox\",\"element_templates\":[\"submit\",\"button\",\"input\"],\"old_classname\":\"\",\"wrap_template\":\"wrap-no-label\"}];nfForms.push(form);<\/script>\n                    <\/div>\n            \t\t\t\t<\/div>\n\t\t\t\t<\/div>\n\t\t\t\t\t<\/div>\n\t\t<\/div>\n\t\t\t\t<div class=\"elementor-column elementor-col-50 elementor-top-column elementor-element elementor-element-c0cf4e7\" data-id=\"c0cf4e7\" data-element_type=\"column\">\n\t\t\t<div class=\"elementor-widget-wrap elementor-element-populated\">\n\t\t\t\t\t\t<div class=\"elementor-element elementor-element-1877051 elementor-widget elementor-widget-image\" data-id=\"1877051\" data-element_type=\"widget\" data-widget_type=\"image.default\">\n\t\t\t\t<div class=\"elementor-widget-container\">\n\t\t\t\t\t\t\t\t\t\t\t\t\t\t\t<img fetchpriority=\"high\" decoding=\"async\" width=\"800\" height=\"1000\" src=\"https:\/\/fudloop.ee\/wp-content\/uploads\/2021\/08\/austin-kehmeier-lyiKExA4zQA-unsplash-819x1024.jpg\" class=\"attachment-large size-large wp-image-199\" alt=\"\" srcset=\"https:\/\/fudloop.ee\/wp-content\/uploads\/2021\/08\/austin-kehmeier-lyiKExA4zQA-unsplash-819x1024.jpg 819w, https:\/\/fudloop.ee\/wp-content\/uploads\/2021\/08\/austin-kehmeier-lyiKExA4zQA-unsplash-240x300.jpg 240w, https:\/\/fudloop.ee\/wp-content\/uploads\/2021\/08\/austin-kehmeier-lyiKExA4zQA-unsplash-768x960.jpg 768w, https:\/\/fudloop.ee\/wp-content\/uploads\/2021\/08\/austin-kehmeier-lyiKExA4zQA-unsplash-1229x1536.jpg 1229w, https:\/\/fudloop.ee\/wp-content\/uploads\/2021\/08\/austin-kehmeier-lyiKExA4zQA-unsplash-1638x2048.jpg 1638w, https:\/\/fudloop.ee\/wp-content\/uploads\/2021\/08\/austin-kehmeier-lyiKExA4zQA-unsplash.jpg 1920w\" sizes=\"(max-width: 800px) 100vw, 800px\" \/>\t\t\t\t\t\t\t\t\t\t\t\t\t\t\t<\/div>\n\t\t\t\t<\/div>\n\t\t\t\t\t<\/div>\n\t\t<\/div>\n\t\t\t\t\t<\/div>\n\t\t<\/section>\n\t\t\t\t<\/div>","protected":false},"excerpt":{"rendered":"<p>Tule vabatahtlikuks! Otsime vabatahtlikke toidup\u00e4\u00e4stjaid, kes transpordiks toitu annetuskohtadest toidujagamiskappi ning aitaks kapi puhastamisega. Toidu transport eeldab kindlasti isikliku auto olemasolu. Vabatahtlik v\u00f5ib endale valida osa transporditavast toidust. Samuti otsime vabatahtlikeks inimesi, kellel on t\u00f6\u00f6kogemus infotehnoloogia, logistika, kommunikatsiooni v\u00f5i turunduse valdkonnas. Kui sa tahad tulla FudLoopile appi toitu p\u00e4\u00e4stma, siis palun t\u00e4ida \u00e4ra allolev registreerimisvorm. [&hellip;]<\/p>","protected":false},"author":2,"featured_media":0,"parent":0,"menu_order":0,"comment_status":"closed","ping_status":"closed","template":"elementor_theme","meta":{"footnotes":""},"class_list":["post-11","page","type-page","status-publish","hentry"],"_links":{"self":[{"href":"https:\/\/fudloop.ee\/lv\/wp-json\/wp\/v2\/pages\/11","targetHints":{"allow":["GET"]}}],"collection":[{"href":"https:\/\/fudloop.ee\/lv\/wp-json\/wp\/v2\/pages"}],"about":[{"href":"https:\/\/fudloop.ee\/lv\/wp-json\/wp\/v2\/types\/page"}],"author":[{"embeddable":true,"href":"https:\/\/fudloop.ee\/lv\/wp-json\/wp\/v2\/users\/2"}],"replies":[{"embeddable":true,"href":"https:\/\/fudloop.ee\/lv\/wp-json\/wp\/v2\/comments?post=11"}],"version-history":[{"count":5,"href":"https:\/\/fudloop.ee\/lv\/wp-json\/wp\/v2\/pages\/11\/revisions"}],"predecessor-version":[{"id":1379,"href":"https:\/\/fudloop.ee\/lv\/wp-json\/wp\/v2\/pages\/11\/revisions\/1379"}],"wp:attachment":[{"href":"https:\/\/fudloop.ee\/lv\/wp-json\/wp\/v2\/media?parent=11"}],"curies":[{"name":"wp","href":"https:\/\/api.w.org\/{rel}","templated":true}]}}