{"id":1192,"date":"2022-03-26T22:03:43","date_gmt":"2022-03-26T20:03:43","guid":{"rendered":"https:\/\/fudloop.ee\/?page_id=1192"},"modified":"2022-07-14T23:45:41","modified_gmt":"2022-07-14T20:45:41","slug":"ettevotetele","status":"publish","type":"page","link":"https:\/\/fudloop.ee\/lv\/ettevotetele\/","title":{"rendered":"Ettev\u00f5tetele"},"content":{"rendered":"<div data-elementor-type=\"wp-page\" data-elementor-id=\"1192\" class=\"elementor elementor-1192\">\n\t\t\t\t\t\t<section class=\"elementor-section elementor-top-section elementor-element elementor-element-3e7de6e elementor-section-boxed elementor-section-height-default elementor-section-height-default\" data-id=\"3e7de6e\" data-element_type=\"section\">\n\t\t\t\t\t\t<div class=\"elementor-container elementor-column-gap-default\">\n\t\t\t\t\t<div class=\"elementor-column elementor-col-100 elementor-top-column elementor-element elementor-element-82b77cf\" data-id=\"82b77cf\" data-element_type=\"column\">\n\t\t\t<div class=\"elementor-widget-wrap elementor-element-populated\">\n\t\t\t\t\t\t<div class=\"elementor-element elementor-element-d35d4d8 elementor-widget elementor-widget-heading\" data-id=\"d35d4d8\" data-element_type=\"widget\" data-widget_type=\"heading.default\">\n\t\t\t\t<div class=\"elementor-widget-container\">\n\t\t\t\t\t<h2 class=\"elementor-heading-title elementor-size-default\">Koost\u00f6\u00f6 ettev\u00f5tetega<\/h2>\t\t\t\t<\/div>\n\t\t\t\t<\/div>\n\t\t\t\t\t<\/div>\n\t\t<\/div>\n\t\t\t\t\t<\/div>\n\t\t<\/section>\n\t\t\t\t<section class=\"elementor-section elementor-top-section elementor-element elementor-element-52412663 elementor-section-boxed elementor-section-height-default elementor-section-height-default\" data-id=\"52412663\" data-element_type=\"section\">\n\t\t\t\t\t\t<div class=\"elementor-container elementor-column-gap-default\">\n\t\t\t\t\t<div class=\"elementor-column elementor-col-50 elementor-top-column elementor-element elementor-element-43b2528e\" data-id=\"43b2528e\" data-element_type=\"column\">\n\t\t\t<div class=\"elementor-widget-wrap elementor-element-populated\">\n\t\t\t\t\t\t<div class=\"elementor-element elementor-element-21e5ba6 elementor-widget elementor-widget-text-editor\" data-id=\"21e5ba6\" data-element_type=\"widget\" data-widget_type=\"text-editor.default\">\n\t\t\t\t<div class=\"elementor-widget-container\">\n\t\t\t\t\t\t\t\t\t<p><\/p>\n<p>Otsime pidevalt koost\u00f6\u00f6v\u00f5imalusi ettev\u00f5tetega, mis soovivad \u00fcle j\u00e4\u00e4vat toitu annetada v\u00f5i muul moel toidujagamiskappe toetada.<\/p>\n<p>V\u00f5tame vastu toiduannetusi k\u00f5igist ettev\u00f5tetest, kus tekib toidu \u00fclej\u00e4\u00e4k. Toitu saab annetada ka hilja \u00f5htul ja vajadusel aitame transpordiga. Samuti oleme huvitatud koost\u00f6\u00f6st ettev\u00f5tetega, mis saaksid otseselt v\u00f5i kaudselt toetada toidu transporti toidujagamiskappidesse.<\/p>\n<p>Koost\u00f6\u00f6soovi korral kirjuta meile <a href=\"mailto:info@fudloop.ee\" target=\"_blank\" rel=\"noopener\">info@fudloop.ee<\/a> <br>v\u00f5i t\u00e4ida registreerimisvorm <a href=\"http:\/\/fudloop.ee\/lv\/hakka-kasutajaks\/\" target=\"_blank\" rel=\"noopener\" data-saferedirecturl=\"https:\/\/www.google.com\/url?q=http:\/\/fudloop.ee\/hakka-kasutajaks&amp;source=gmail&amp;ust=1648374098981000&amp;usg=AOvVaw1y-r7OC5uOp4HpHfJSltH8\">fudloop.ee\/hakka-kasutajaks<\/a>.<\/p>\n<p><\/p>\t\t\t\t\t\t\t\t<\/div>\n\t\t\t\t<\/div>\n\t\t\t\t<section class=\"elementor-section elementor-inner-section elementor-element elementor-element-452797b elementor-section-boxed elementor-section-height-default elementor-section-height-default\" data-id=\"452797b\" data-element_type=\"section\">\n\t\t\t\t\t\t<div class=\"elementor-container elementor-column-gap-default\">\n\t\t\t\t\t<div class=\"elementor-column elementor-col-100 elementor-inner-column elementor-element elementor-element-532e767\" data-id=\"532e767\" data-element_type=\"column\">\n\t\t\t<div class=\"elementor-widget-wrap elementor-element-populated\">\n\t\t\t\t\t\t<div class=\"elementor-element elementor-element-e7e62df elementor-widget elementor-widget-spacer\" data-id=\"e7e62df\" data-element_type=\"widget\" data-widget_type=\"spacer.default\">\n\t\t\t\t<div class=\"elementor-widget-container\">\n\t\t\t\t\t\t\t<div class=\"elementor-spacer\">\n\t\t\t<div class=\"elementor-spacer-inner\"><\/div>\n\t\t<\/div>\n\t\t\t\t\t\t<\/div>\n\t\t\t\t<\/div>\n\t\t\t\t\t<\/div>\n\t\t<\/div>\n\t\t\t\t\t<\/div>\n\t\t<\/section>\n\t\t\t\t\t<\/div>\n\t\t<\/div>\n\t\t\t\t<div class=\"elementor-column elementor-col-50 elementor-top-column elementor-element elementor-element-8088c24\" data-id=\"8088c24\" data-element_type=\"column\">\n\t\t\t<div class=\"elementor-widget-wrap elementor-element-populated\">\n\t\t\t\t\t\t<div class=\"elementor-element elementor-element-8015f3b elementor-widget elementor-widget-image\" data-id=\"8015f3b\" data-element_type=\"widget\" data-widget_type=\"image.default\">\n\t\t\t\t<div class=\"elementor-widget-container\">\n\t\t\t\t\t\t\t\t\t\t\t\t\t\t\t<img fetchpriority=\"high\" decoding=\"async\" width=\"768\" height=\"512\" src=\"https:\/\/fudloop.ee\/wp-content\/uploads\/2022\/03\/pexels-cottonbro-4686960-768x512.jpg\" class=\"attachment-medium_large size-medium_large wp-image-1193\" alt=\"\" srcset=\"https:\/\/fudloop.ee\/wp-content\/uploads\/2022\/03\/pexels-cottonbro-4686960-768x512.jpg 768w, https:\/\/fudloop.ee\/wp-content\/uploads\/2022\/03\/pexels-cottonbro-4686960-300x200.jpg 300w, https:\/\/fudloop.ee\/wp-content\/uploads\/2022\/03\/pexels-cottonbro-4686960-1024x683.jpg 1024w, https:\/\/fudloop.ee\/wp-content\/uploads\/2022\/03\/pexels-cottonbro-4686960-1536x1024.jpg 1536w, https:\/\/fudloop.ee\/wp-content\/uploads\/2022\/03\/pexels-cottonbro-4686960-2048x1365.jpg 2048w\" sizes=\"(max-width: 768px) 100vw, 768px\" \/>\t\t\t\t\t\t\t\t\t\t\t\t\t\t\t<\/div>\n\t\t\t\t<\/div>\n\t\t\t\t\t<\/div>\n\t\t<\/div>\n\t\t\t\t\t<\/div>\n\t\t<\/section>\n\t\t\t\t<\/div>","protected":false},"excerpt":{"rendered":"<p>Koost\u00f6\u00f6 ettev\u00f5tetega Otsime pidevalt koost\u00f6\u00f6v\u00f5imalusi ettev\u00f5tetega, mis soovivad \u00fcle j\u00e4\u00e4vat toitu annetada v\u00f5i muul moel toidujagamiskappe toetada. V\u00f5tame vastu toiduannetusi k\u00f5igist ettev\u00f5tetest, kus tekib toidu \u00fclej\u00e4\u00e4k. Toitu saab annetada ka hilja \u00f5htul ja vajadusel aitame transpordiga. Samuti oleme huvitatud koost\u00f6\u00f6st ettev\u00f5tetega, mis saaksid otseselt v\u00f5i kaudselt toetada toidu transporti toidujagamiskappidesse. Koost\u00f6\u00f6soovi korral kirjuta meile info@fudloop.ee [&hellip;]<\/p>","protected":false},"author":1,"featured_media":0,"parent":0,"menu_order":0,"comment_status":"closed","ping_status":"closed","template":"elementor_theme","meta":{"footnotes":""},"class_list":["post-1192","page","type-page","status-publish","hentry"],"_links":{"self":[{"href":"https:\/\/fudloop.ee\/lv\/wp-json\/wp\/v2\/pages\/1192","targetHints":{"allow":["GET"]}}],"collection":[{"href":"https:\/\/fudloop.ee\/lv\/wp-json\/wp\/v2\/pages"}],"about":[{"href":"https:\/\/fudloop.ee\/lv\/wp-json\/wp\/v2\/types\/page"}],"author":[{"embeddable":true,"href":"https:\/\/fudloop.ee\/lv\/wp-json\/wp\/v2\/users\/1"}],"replies":[{"embeddable":true,"href":"https:\/\/fudloop.ee\/lv\/wp-json\/wp\/v2\/comments?post=1192"}],"version-history":[{"count":5,"href":"https:\/\/fudloop.ee\/lv\/wp-json\/wp\/v2\/pages\/1192\/revisions"}],"predecessor-version":[{"id":1200,"href":"https:\/\/fudloop.ee\/lv\/wp-json\/wp\/v2\/pages\/1192\/revisions\/1200"}],"wp:attachment":[{"href":"https:\/\/fudloop.ee\/lv\/wp-json\/wp\/v2\/media?parent=1192"}],"curies":[{"name":"wp","href":"https:\/\/api.w.org\/{rel}","templated":true}]}}