{"id":1573,"date":"2022-09-09T14:28:30","date_gmt":"2022-09-09T11:28:30","guid":{"rendered":"https:\/\/fudloop.ee\/?page_id=1573"},"modified":"2025-06-25T10:46:03","modified_gmt":"2025-06-25T07:46:03","slug":"kasutustingimused","status":"publish","type":"page","link":"https:\/\/fudloop.ee\/lv\/kasutustingimused\/","title":{"rendered":"Kasutustingimused"},"content":{"rendered":"<div data-elementor-type=\"wp-page\" data-elementor-id=\"1573\" class=\"elementor elementor-1573\">\n\t\t\t\t\t\t<section class=\"elementor-section elementor-top-section elementor-element elementor-element-3e7de6e elementor-section-boxed elementor-section-height-default elementor-section-height-default\" data-id=\"3e7de6e\" data-element_type=\"section\">\n\t\t\t\t\t\t<div class=\"elementor-container elementor-column-gap-default\">\n\t\t\t\t\t<div class=\"elementor-column elementor-col-100 elementor-top-column elementor-element elementor-element-82b77cf\" data-id=\"82b77cf\" data-element_type=\"column\">\n\t\t\t<div class=\"elementor-widget-wrap elementor-element-populated\">\n\t\t\t\t\t\t<section class=\"elementor-section elementor-inner-section elementor-element elementor-element-6debe0e elementor-section-boxed elementor-section-height-default elementor-section-height-default\" data-id=\"6debe0e\" data-element_type=\"section\">\n\t\t\t\t\t\t<div class=\"elementor-container elementor-column-gap-default\">\n\t\t\t\t\t<div class=\"elementor-column elementor-col-50 elementor-inner-column elementor-element elementor-element-9ed9351\" data-id=\"9ed9351\" data-element_type=\"column\">\n\t\t\t<div class=\"elementor-widget-wrap elementor-element-populated\">\n\t\t\t\t\t\t<div class=\"elementor-element elementor-element-c70528c elementor-widget elementor-widget-button\" data-id=\"c70528c\" data-element_type=\"widget\" data-widget_type=\"button.default\">\n\t\t\t\t<div class=\"elementor-widget-container\">\n\t\t\t\t\t\t\t\t\t<div class=\"elementor-button-wrapper\">\n\t\t\t\t\t<a class=\"elementor-button elementor-button-link elementor-size-sm\" href=\"#eestikeeles\">\n\t\t\t\t\t\t<span class=\"elementor-button-content-wrapper\">\n\t\t\t\t\t\t\t\t\t<span class=\"elementor-button-text\">eesti keeles<\/span>\n\t\t\t\t\t<\/span>\n\t\t\t\t\t<\/a>\n\t\t\t\t<\/div>\n\t\t\t\t\t\t\t\t<\/div>\n\t\t\t\t<\/div>\n\t\t\t\t\t<\/div>\n\t\t<\/div>\n\t\t\t\t<div class=\"elementor-column elementor-col-50 elementor-inner-column elementor-element elementor-element-b6dda26\" data-id=\"b6dda26\" data-element_type=\"column\">\n\t\t\t<div class=\"elementor-widget-wrap elementor-element-populated\">\n\t\t\t\t\t\t<div class=\"elementor-element elementor-element-8b7b6b1 elementor-widget elementor-widget-button\" data-id=\"8b7b6b1\" data-element_type=\"widget\" data-widget_type=\"button.default\">\n\t\t\t\t<div class=\"elementor-widget-container\">\n\t\t\t\t\t\t\t\t\t<div class=\"elementor-button-wrapper\">\n\t\t\t\t\t<a class=\"elementor-button elementor-button-link elementor-size-sm\" href=\"#venekeeles\">\n\t\t\t\t\t\t<span class=\"elementor-button-content-wrapper\">\n\t\t\t\t\t\t\t\t\t<span class=\"elementor-button-text\"> \u043f\u043e-\u0440\u0443\u0441\u0441\u043a\u0438<\/span>\n\t\t\t\t\t<\/span>\n\t\t\t\t\t<\/a>\n\t\t\t\t<\/div>\n\t\t\t\t\t\t\t\t<\/div>\n\t\t\t\t<\/div>\n\t\t\t\t\t<\/div>\n\t\t<\/div>\n\t\t\t\t\t<\/div>\n\t\t<\/section>\n\t\t\t\t\t<\/div>\n\t\t<\/div>\n\t\t\t\t\t<\/div>\n\t\t<\/section>\n\t\t\t\t<section class=\"elementor-section elementor-top-section elementor-element elementor-element-52412663 elementor-section-boxed elementor-section-height-default elementor-section-height-default\" data-id=\"52412663\" data-element_type=\"section\">\n\t\t\t\t\t\t<div class=\"elementor-container elementor-column-gap-default\">\n\t\t\t\t\t<div class=\"elementor-column elementor-col-50 elementor-top-column elementor-element elementor-element-43b2528e\" data-id=\"43b2528e\" data-element_type=\"column\">\n\t\t\t<div class=\"elementor-widget-wrap elementor-element-populated\">\n\t\t\t\t\t\t<div class=\"elementor-element elementor-element-0af6e01 elementor-widget elementor-widget-menu-anchor\" data-id=\"0af6e01\" data-element_type=\"widget\" data-widget_type=\"menu-anchor.default\">\n\t\t\t\t<div class=\"elementor-widget-container\">\n\t\t\t\t\t\t\t<div class=\"elementor-menu-anchor\" id=\"eestikeeles\"><\/div>\n\t\t\t\t\t\t<\/div>\n\t\t\t\t<\/div>\n\t\t\t\t<div class=\"elementor-element elementor-element-21e5ba6 elementor-widget elementor-widget-text-editor\" data-id=\"21e5ba6\" data-element_type=\"widget\" data-widget_type=\"text-editor.default\">\n\t\t\t\t<div class=\"elementor-widget-container\">\n\t\t\t\t\t\t\t\t\t<h3>FudLoop toidujagamiskapi \u00fcldised kasutustingimused<\/h3><p><strong><a href=\"https:\/\/fudloop.ee\/wp-content\/uploads\/2025\/06\/Kasutustingimused-eesti-keel-040824.pdf\">FudLoop toidujagamiskapi kasutustingimused eesti keeles (PDF)<\/a><br \/><\/strong><\/p><p><b><a href=\"https:\/\/fudloop.ee\/wp-content\/uploads\/2025\/06\/Kasutustingimused-vene-keel-040824.pdf\" target=\"_blank\" rel=\"noopener\">\u041f\u0440\u0430\u0432\u0438\u043b\u0430 \u0438\u0441\u043f\u043e\u043b\u044c\u0437\u043e\u0432\u0430\u043d\u0438\u044f \u0448\u043a\u0430\u0444\u043e\u043c \u0434\u043b\u044f \u0440\u0430\u0437\u0434\u0430\u0447\u0438 \u0435\u0434\u044b (toidujagamiskapp) FudLoop (PDF)<\/a><\/b><b><\/b><\/p><h4>\u00a0<\/h4><div><div data-id=\"21e5ba6\" data-element_type=\"widget\" data-widget_type=\"text-editor.default\"><div><h3>Toidujagamiskapist toidu v\u00f5tmise ja annetamise tingimused<\/h3><p><strong>\u00dcldised tingimused:<\/strong><\/p><ul><li>Kapi kasutamiseks luuakse sulle registreerumisel isiklik uksekood kapi luku avamiseks. \u00c4ra jaga oma uksekoodi kellegi teisega.<\/li><li>Toidujagamiskapp on kasutajatele avatud iga p\u00e4ev 9:00-23:59.<\/li><li>Toidujagamiskapi kasutamine maksab 10 \u20ac kuus\u00a0 \u00a0(tasumine meilile saabuva makselingi kaudu).<\/li><li>Toidujagamiskapi juures v\u00f5ivad korda pidada FudLoopi vabatahtlikud. Vabatahtlikel on \u00f5igus teha kasutajatele erandeid, mis erinevad kasutustingimustest.<\/li><li>Hoia puhtust toidujagamiskapi sees ja \u00fcmbruses.<\/li><\/ul><div>\u00a0<\/div><p><strong>Toidu v\u00f5tjale:<\/strong><\/p><ul><li>FudLoopi teenust toidu saamiseks tohib kasutada ainult \u00fcks kord p\u00e4evas. Ilma toitu v\u00f5tmata v\u00f5ib toidujagamiskappi avada piiramatu arvu kordi.<\/li><li>Kontrolli \u00fcle, et toidu \u201ck\u00f5lblik kuni\u201d kuup\u00e4ev ei ole m\u00f6\u00f6dunud.<\/li><li>Ilma vabatahtliku juuresolekuta tohib kapist v\u00f5tta viis (5) asja. Sinna alla ei k\u00e4ib puu- ja juurviljad, mida v\u00f5ib v\u00f5tta lisaks m\u00f5istlikus koguses.\u00a0<\/li><li>Enne s\u00f6\u00f6mist hinda kapist v\u00f5etud toidu s\u00f6\u00f6gik\u00f5lbulikkust (v\u00e4limus, l\u00f5hn, maitse).<\/li><\/ul><div>\u00a0<\/div><p><strong>Toidu annetajale:<\/strong><span style=\"background-color: transparent; color: var( --e-global-color-text ); font-family: var( --e-global-typography-text-font-family ), Sans-serif; font-weight: var( --e-global-typography-text-font-weight );\">\u00a0<\/span><\/p><ul><li>Kui tahad meile toitu annetada,\u00a0siis palun kirjuta\u00a0 info@fudloop.ee v\u00f5i helista 5565 4193.<\/li><\/ul><div>\u00a0<\/div><p>Probleemidest anna teada abi@fudloop.ee.<\/p><p>FudLoop t\u00f6\u00f6tleb kasutaja poolt esitatud isikuandmeid koosk\u00f5las isikuandmete kaitset reguleerivate \u00f5igusaktidega.<\/p><\/div><\/div><\/div><p><!-- \/wp:paragraph --><\/p>\t\t\t\t\t\t\t\t<\/div>\n\t\t\t\t<\/div>\n\t\t\t\t<div class=\"elementor-element elementor-element-50efe2c elementor-widget elementor-widget-menu-anchor\" data-id=\"50efe2c\" data-element_type=\"widget\" data-widget_type=\"menu-anchor.default\">\n\t\t\t\t<div class=\"elementor-widget-container\">\n\t\t\t\t\t\t\t<div class=\"elementor-menu-anchor\" id=\"venekeeles\"><\/div>\n\t\t\t\t\t\t<\/div>\n\t\t\t\t<\/div>\n\t\t\t\t<div class=\"elementor-element elementor-element-a22aca2 elementor-widget elementor-widget-text-editor\" data-id=\"a22aca2\" data-element_type=\"widget\" data-widget_type=\"text-editor.default\">\n\t\t\t\t<div class=\"elementor-widget-container\">\n\t\t\t\t\t\t\t\t\t<h3><strong>\u041f\u0440\u0430\u0432\u0438\u043b\u0430 \u0438\u0441\u043f\u043e\u043b\u044c\u0437\u043e\u0432\u0430\u043d\u0438\u044f \u0448\u043a\u0430\u0444\u043e\u043c \u0434\u043b\u044f \u0440\u0430\u0437\u0434\u0430\u0447\u0438 \u0435\u0434\u044b (toidujagamiskapp)<\/strong><br><strong>FudLoop<\/strong><\/h3>\n<p><strong>\u041e\u0431\u0449\u0438\u0435 \u0443\u0441\u043b\u043e\u0432\u0438\u044f:<\/strong><\/p>\n<ul>\n<li>\u0414\u043b\u044f \u0438\u0441\u043f\u043e\u043b\u044c\u0437\u043e\u0432\u0430\u043d\u0438\u044f \u0448\u043a\u0430\u0444\u0430 \u0434\u043b\u044f \u0440\u0430\u0437\u0434\u0430\u0447\u0438 \u0435\u0434\u044b (toidujagamiskapp) \u043f\u0440\u0438<br>\u0440\u0435\u0433\u0438\u0441\u0442\u0440\u0430\u0446\u0438\u0438 \u0441\u043e\u0437\u0434\u0430\u0435\u0442\u0441\u044f \u043f\u0435\u0440\u0441\u043e\u043d\u0430\u043b\u044c\u043d\u0430\u044f \u0443\u0447\u0451\u0442\u043d\u0430\u044f \u0437\u0430\u043f\u0438\u0441\u044c, \u043f\u043e\u0437\u0432\u043e\u043b\u044f\u044e\u0449\u0430\u044f \u043e\u0442\u043a\u0440\u044b\u0432\u0430\u0442\u044c<br>\u0437\u0430\u043c\u043e\u043a. \u041d\u0435 \u043f\u0435\u0440\u0435\u0434\u0430\u0432\u0430\u0439\u0442\u0435 \u0441\u0432\u043e\u0438 \u0434\u0430\u043d\u043d\u044b\u0435 \u0434\u0440\u0443\u0433\u0438\u043c \u043b\u044e\u0434\u044f\u043c.<\/li>\n<li>\u0428\u043a\u0430\u0444 \u0440\u0430\u0437\u0434\u0430\u0447\u0438 \u0435\u0434\u044b (toidujagamiskapp) \u0434\u043e\u0441\u0442\u0443\u043f\u0435\u043d \u043a \u0438\u0441\u043f\u043e\u043b\u044c\u0437\u043e\u0432\u0430\u043d\u0438\u044e \u0441<br>9.00 \u0434\u043e 23.59.<\/li>\n<li>\u041f\u043e\u043b\u044c\u0437\u043e\u0432\u0430\u043d\u0438\u0435 &nbsp;\u0448\u043a\u0430\u0444\u043e\u043c \u0434\u043b\u044f \u0440\u0430\u0437\u0434\u0430\u0447\u0438 \u0435\u0434\u044b (toidujagamiskapp) \u0441\u0442\u043e\u0438\u0442 10 \u20ac \u0432 \u043c\u0435\u0441\u044f\u0446 (\u043e\u043f\u043b\u0430\u0442\u0430 \u043f\u043e \u0441\u0441\u044b\u043b\u043a\u0435 \u0434\u043b\u044f \u043e\u043f\u043b\u0430\u0442\u044b, \u043f\u043e\u043b\u0443\u0447\u0435\u043d\u043d\u043e\u0439 \u0432 \u044d\u043b\u0435\u043a\u0442\u0440\u043e\u043d\u043d\u043e\u043c \u043f\u0438\u0441\u044c\u043c\u0435).<\/li>\n<li>\u0423 \u0448\u043a\u0430\u0444\u0430 \u0440\u0430\u0437\u0434\u0430\u0447\u0438 \u0435\u0434\u044b (toidujagamiskapp) \u0437\u0430 \u043f\u043e\u0440\u044f\u0434\u043a\u043e\u043c \u043c\u043e\u0433\u0443\u0442 \u0441\u043b\u0435\u0434\u0438\u0442\u044c<br>\u0432\u043e\u043b\u043e\u043d\u0442\u0435\u0440\u044b FudLoop. \u0412\u043e\u043b\u043e\u043d\u0442\u0435\u0440\u044b \u043c\u043e\u0433\u0443\u0442 \u0434\u0435\u043b\u0430\u0442\u044c \u0438\u0441\u043a\u043b\u044e\u0447\u0435\u043d\u0438\u044f \u0434\u043b\u044f \u043f\u043e\u043b\u044c\u0437\u043e\u0432\u0430\u0442\u0435\u043b\u0435\u0439,<br>\u043e\u0442\u043b\u0438\u0447\u0430\u044e\u0449\u0438\u0435\u0441\u044f \u043e\u0442 \u041f\u0440\u0430\u0432\u0438\u043b \u0438\u0441\u043f\u043e\u043b\u044c\u0437\u043e\u0432\u0430\u043d\u0438\u044f.<\/li>\n<li>\u041f\u043e\u0434\u0434\u0435\u0440\u0436\u0438\u0432\u0430\u0439\u0442\u0435 \u0447\u0438\u0441\u0442\u043e\u0442\u0443 \u0432 \u0448\u043a\u0430\u0444\u0443 \u0434\u043b\u044f \u0440\u0430\u0437\u0434\u0430\u0447\u0438 \u0435\u0434\u044b (toidujagamiskapp) \u0438 \u0432\u043e\u043a\u0440\u0443\u0433 \u043d\u0435\u0433\u043e.<\/li>\n<\/ul>\n<p><strong>\u0414\u043b\u044f \u0431\u0435\u0440\u0443\u0449\u0438\u0445 \u0435\u0434\u0443:<\/strong><\/p>\n<ul>\n<li>\u0421\u0435\u0440\u0432\u0438\u0441\u043e\u043c \u0434\u043b\u044f \u043f\u043e\u043b\u0443\u0447\u0435\u043d\u0438\u044f \u0435\u0434\u044b FudLoop \u043c\u043e\u0436\u043d\u043e \u0438\u0441\u043f\u043e\u043b\u044c\u0437\u043e\u0432\u0430\u0442\u044c \u0442\u043e\u043b\u044c\u043a\u043e \u043e\u0434\u0438\u043d \u0440\u0430\u0437 \u0432 \u0434\u0435\u043d\u044c. \u041f\u043e\u043a\u0430 \u043d\u0435 \u0431\u0443\u0434\u0443\u0442 \u0432\u0437\u044f\u0442\u044b \u043f\u0440\u043e\u0434\u0443\u043a\u0442\u044b \u0448\u043a\u0430\u0444 \u0440\u0430\u0437\u0434\u0430\u0447\u0438 \u0435\u0434\u044b \u043c\u043e\u0436\u043d\u043e \u043e\u0442\u043a\u0440\u044b\u0432\u0430\u0442\u044c \u043d\u0435\u043e\u0433\u0440\u0430\u043d\u0438\u0447\u0435\u043d\u043d\u043e\u0435 \u043a\u043e\u043b\u0438\u0447\u0435\u0441\u0442\u0432\u043e \u0440\u0430\u0437.<\/li>\n<li>\u0418\u0437 \u0448\u043a\u0430\u0444\u0430 \u0434\u043b\u044f \u0440\u0430\u0437\u0434\u0430\u0447\u0438 \u0435\u0434\u044b (toidujagamiskapp) \u043c\u043e\u0436\u043d\u043e \u0432\u0437\u044f\u0442\u044c \u0434\u043e 5 \u043f\u0440\u043e\u0434\u0443\u043a\u0442\u043e\u0432 (\u0437\u0430 \u043e\u0434\u043d\u043e \u0438\u0441\u043f\u043e\u043b\u044c\u0437\u043e\u0432\u0430\u043d\u0438\u0435).<\/li>\n<li>\u0423\u0434\u043e\u0441\u0442\u043e\u0432\u0435\u0440\u044c\u0442\u0435\u0441\u044c, \u0447\u0442\u043e \u043f\u0440\u043e\u0434\u0443\u043a\u0442\u044b \u043d\u0435 \u043f\u0440\u043e\u0441\u0440\u043e\u0447\u0435\u043d\u044b (\u043c\u0430\u0440\u043a\u0438\u0440\u043e\u0432\u043a\u0430 K\u00f5lblik kuni \/ \u0413\u043e\u0434\u0435\u043d \u0434\u043e).<\/li>\n<li>\u0411\u0435\u0437 \u043f\u0440\u0438\u0441\u0443\u0442\u0441\u0442\u0432\u0438\u044f \u0432\u043e\u043b\u043e\u043d\u0442\u0451\u0440\u0430 \u043c\u043e\u0436\u043d\u043e \u0432\u0437\u044f\u0442\u044c \u0438\u0437 \u0448\u043a\u0430\u0444\u0430 \u043f\u044f\u0442\u044c (5) \u043f\u0440\u0435\u0434\u043c\u0435\u0442\u043e\u0432. \u042d\u0442\u043e \u043d\u0435 \u043a\u0430\u0441\u0430\u0435\u0442\u0441\u044f \u0444\u0440\u0443\u043a\u0442\u043e\u0432 \u0438 \u043e\u0432\u043e\u0449\u0435\u0439, \u043a\u043e\u0442\u043e\u0440\u044b\u0435 \u043c\u043e\u0436\u043d\u043e \u0431\u0440\u0430\u0442\u044c \u0432 \u0440\u0430\u0437\u0443\u043c\u043d\u044b\u0445 \u043a\u043e\u043b\u0438\u0447\u0435\u0441\u0442\u0432\u0430\u0445.<\/li>\n<li>\u041f\u0435\u0440\u0435\u0434 \u0442\u0435\u043c \u043a\u0430\u043a \u0443\u043f\u043e\u0442\u0440\u0435\u0431\u043b\u044f\u0442\u044c \u0432\u0437\u044f\u0442\u0443\u044e \u0435\u0434\u0443, \u0443\u0434\u043e\u0441\u0442\u043e\u0432\u0435\u0440\u044c\u0442\u0435\u0441\u044c, \u0447\u0442\u043e \u043e\u043d\u0430 \u043d\u0435 \u0438\u0441\u043f\u043e\u0440\u0442\u0438\u043b\u0430\u0441\u044c (\u0446\u0432\u0435\u0442, \u0437\u0430\u043f\u0430\u0445, \u0432\u043a\u0443\u0441).<\/li>\n<\/ul>\n<p><strong>\u0414\u043b\u044f \u0436\u0435\u0440\u0442\u0432\u0443\u044e\u0449\u0438\u0445 \u0435\u0434\u0443:<\/strong><\/p>\n<ul>\n<li>\u0415\u0441\u043b\u0438 \u0432\u044b \u0445\u043e\u0442\u0438\u0442\u0435 \u043f\u043e\u0436\u0435\u0440\u0442\u0432\u043e\u0432\u0430\u0442\u044c \u0435\u0434\u0443, \u043d\u043e \u043d\u0435 \u0445\u043e\u0442\u0438\u0442\u0435 \u0440\u0435\u0433\u0438\u0441\u0442\u0440\u0438\u0440\u043e\u0432\u0430\u0442\u044c\u0441\u044f \u0432 \u043a\u0430\u0447\u0435\u0441\u0442\u0432\u0435 \u043f\u043e\u043b\u044c\u0437\u043e\u0432\u0430\u0442\u0435\u043b\u044f, \u043d\u0430\u043f\u0438\u0448\u0438\u0442\u0435 \u043d\u0430\u043c \u043d\u0430 \u0435-\u043c\u044d\u0439\u043b info@fudloop.ee \u0438\u043b\u0438 \u043d\u0430 Facebook.<\/li>\n<\/ul>\n<p>\u041e \u043f\u0440\u043e\u0431\u043b\u0435\u043c\u0430\u0445 \u0441\u043e\u043e\u0431\u0449\u0430\u0439\u0442\u0435 \u043d\u0430 \u0435-\u043c\u044d\u0439\u043b&nbsp; abi@fudloop.ee.<\/p>\n<p>FudLoop \u043e\u0431\u0440\u0430\u0431\u0430\u0442\u044b\u0432\u0430\u0435\u0442 \u043f\u043e\u043b\u0443\u0447\u0435\u043d\u043d\u044b\u0435 \u043e\u0442 \u043f\u043e\u043b\u044c\u0437\u043e\u0432\u0430\u0442\u0435\u043b\u0435\u0439 \u043b\u0438\u0447\u043d\u044b\u0435 \u0434\u0430\u043d\u043d\u044b\u0435 \u0432<br>\u0441\u043e\u043e\u0442\u0432\u0435\u0442\u0441\u0442\u0432\u0438\u0438 \u0441 \u043f\u0440\u0430\u0432\u043e\u0432\u044b\u043c\u0438 \u0430\u043a\u0442\u0430\u043c\u0438, \u0440\u0435\u0433\u0443\u043b\u0438\u0440\u0443\u044e\u0449\u0438\u043c\u0438 \u0437\u0430\u0449\u0438\u0442\u0443 \u043b\u0438\u0447\u043d\u044b\u0445 \u0434\u0430\u043d\u043d\u044b\u0445.\u0415\u0441\u043b\u0438 \u0432\u044b \u0445\u043e\u0442\u0438\u0442\u0435 \u043f\u043e\u0436\u0435\u0440\u0442\u0432\u043e\u0432\u0430\u0442\u044c \u043d\u0430\u043c \u0435\u0434\u0443, \u043f\u043e\u0436\u0430\u043b\u0443\u0439\u0441\u0442\u0430, \u043d\u0430\u043f\u0438\u0448\u0438\u0442\u0435 \u043d\u0430 info@fudloop.ee \u0438\u043b\u0438 \u043f\u043e\u0437\u0432\u043e\u043d\u0438\u0442\u0435 \u043f\u043e \u043d\u043e\u043c\u0435\u0440\u0443 5565 4193.<\/p><p><br><\/p><p><br><\/p><p><br><\/p><p><br><\/p>\t\t\t\t\t\t\t\t<\/div>\n\t\t\t\t<\/div>\n\t\t\t\t\t<\/div>\n\t\t<\/div>\n\t\t\t\t<div class=\"elementor-column elementor-col-50 elementor-top-column elementor-element elementor-element-8088c24\" data-id=\"8088c24\" data-element_type=\"column\">\n\t\t\t<div class=\"elementor-widget-wrap elementor-element-populated\">\n\t\t\t\t\t\t<div class=\"elementor-element elementor-element-8015f3b elementor-widget elementor-widget-image\" data-id=\"8015f3b\" data-element_type=\"widget\" data-widget_type=\"image.default\">\n\t\t\t\t<div class=\"elementor-widget-container\">\n\t\t\t\t\t\t\t\t\t\t\t\t\t\t\t<img fetchpriority=\"high\" decoding=\"async\" width=\"800\" height=\"534\" src=\"https:\/\/fudloop.ee\/wp-content\/uploads\/2021\/12\/pexels-cottonbro-3944307-1920x1280-1-1024x683.jpg\" class=\"attachment-large size-large wp-image-610\" alt=\"Photo by cottonbro from Pexels\" srcset=\"https:\/\/fudloop.ee\/wp-content\/uploads\/2021\/12\/pexels-cottonbro-3944307-1920x1280-1-1024x683.jpg 1024w, https:\/\/fudloop.ee\/wp-content\/uploads\/2021\/12\/pexels-cottonbro-3944307-1920x1280-1-300x200.jpg 300w, https:\/\/fudloop.ee\/wp-content\/uploads\/2021\/12\/pexels-cottonbro-3944307-1920x1280-1-768x512.jpg 768w, https:\/\/fudloop.ee\/wp-content\/uploads\/2021\/12\/pexels-cottonbro-3944307-1920x1280-1-1536x1024.jpg 1536w, https:\/\/fudloop.ee\/wp-content\/uploads\/2021\/12\/pexels-cottonbro-3944307-1920x1280-1.jpg 1920w\" sizes=\"(max-width: 800px) 100vw, 800px\" \/>\t\t\t\t\t\t\t\t\t\t\t\t\t\t\t<\/div>\n\t\t\t\t<\/div>\n\t\t\t\t\t<\/div>\n\t\t<\/div>\n\t\t\t\t\t<\/div>\n\t\t<\/section>\n\t\t\t\t<\/div>","protected":false},"excerpt":{"rendered":"<p>eesti keeles \u043f\u043e-\u0440\u0443\u0441\u0441\u043a\u0438 FudLoop toidujagamiskapi \u00fcldised kasutustingimused FudLoop toidujagamiskapi kasutustingimused eesti keeles (PDF) \u041f\u0440\u0430\u0432\u0438\u043b\u0430 \u0438\u0441\u043f\u043e\u043b\u044c\u0437\u043e\u0432\u0430\u043d\u0438\u044f \u0448\u043a\u0430\u0444\u043e\u043c \u0434\u043b\u044f \u0440\u0430\u0437\u0434\u0430\u0447\u0438 \u0435\u0434\u044b (toidujagamiskapp) FudLoop (PDF) \u00a0 Toidujagamiskapist toidu v\u00f5tmise ja annetamise tingimused \u00dcldised tingimused: Kapi kasutamiseks luuakse sulle registreerumisel isiklik uksekood kapi luku avamiseks. \u00c4ra jaga oma uksekoodi kellegi teisega. Toidujagamiskapp on kasutajatele avatud iga p\u00e4ev 9:00-23:59. Toidujagamiskapi [&hellip;]<\/p>","protected":false},"author":1,"featured_media":610,"parent":0,"menu_order":0,"comment_status":"closed","ping_status":"closed","template":"elementor_theme","meta":{"footnotes":""},"class_list":["post-1573","page","type-page","status-publish","has-post-thumbnail","hentry"],"_links":{"self":[{"href":"https:\/\/fudloop.ee\/lv\/wp-json\/wp\/v2\/pages\/1573","targetHints":{"allow":["GET"]}}],"collection":[{"href":"https:\/\/fudloop.ee\/lv\/wp-json\/wp\/v2\/pages"}],"about":[{"href":"https:\/\/fudloop.ee\/lv\/wp-json\/wp\/v2\/types\/page"}],"author":[{"embeddable":true,"href":"https:\/\/fudloop.ee\/lv\/wp-json\/wp\/v2\/users\/1"}],"replies":[{"embeddable":true,"href":"https:\/\/fudloop.ee\/lv\/wp-json\/wp\/v2\/comments?post=1573"}],"version-history":[{"count":5,"href":"https:\/\/fudloop.ee\/lv\/wp-json\/wp\/v2\/pages\/1573\/revisions"}],"predecessor-version":[{"id":2065,"href":"https:\/\/fudloop.ee\/lv\/wp-json\/wp\/v2\/pages\/1573\/revisions\/2065"}],"wp:featuredmedia":[{"embeddable":true,"href":"https:\/\/fudloop.ee\/lv\/wp-json\/wp\/v2\/media\/610"}],"wp:attachment":[{"href":"https:\/\/fudloop.ee\/lv\/wp-json\/wp\/v2\/media?parent=1573"}],"curies":[{"name":"wp","href":"https:\/\/api.w.org\/{rel}","templated":true}]}}