{"id":16,"date":"2021-08-08T17:03:42","date_gmt":"2021-08-08T14:03:42","guid":{"rendered":"https:\/\/fudloop.ee\/?page_id=16"},"modified":"2022-01-23T21:11:43","modified_gmt":"2022-01-23T19:11:43","slug":"toidu-paastmisest","status":"publish","type":"page","link":"https:\/\/fudloop.ee\/lv\/toidu-paastmisest\/","title":{"rendered":"Toidu raiskamine"},"content":{"rendered":"<div data-elementor-type=\"wp-page\" data-elementor-id=\"16\" class=\"elementor elementor-16\">\n\t\t\t\t\t\t<section class=\"elementor-section elementor-top-section elementor-element elementor-element-6a31a05 elementor-section-boxed elementor-section-height-default elementor-section-height-default\" data-id=\"6a31a05\" data-element_type=\"section\">\n\t\t\t\t\t\t<div class=\"elementor-container elementor-column-gap-default\">\n\t\t\t\t\t<div class=\"elementor-column elementor-col-100 elementor-top-column elementor-element elementor-element-bd5fcf4\" data-id=\"bd5fcf4\" data-element_type=\"column\">\n\t\t\t<div class=\"elementor-widget-wrap elementor-element-populated\">\n\t\t\t\t\t\t<div class=\"elementor-element elementor-element-ab3e19d elementor-widget elementor-widget-heading\" data-id=\"ab3e19d\" data-element_type=\"widget\" data-widget_type=\"heading.default\">\n\t\t\t\t<div class=\"elementor-widget-container\">\n\t\t\t\t\t<h2 class=\"elementor-heading-title elementor-size-default\">Toidu raiskamine<\/h2>\t\t\t\t<\/div>\n\t\t\t\t<\/div>\n\t\t\t\t\t<\/div>\n\t\t<\/div>\n\t\t\t\t\t<\/div>\n\t\t<\/section>\n\t\t\t\t<section class=\"elementor-section elementor-top-section elementor-element elementor-element-cd00b48 elementor-section-boxed elementor-section-height-default elementor-section-height-default\" data-id=\"cd00b48\" data-element_type=\"section\">\n\t\t\t\t\t\t<div class=\"elementor-container elementor-column-gap-default\">\n\t\t\t\t\t<div class=\"elementor-column elementor-col-50 elementor-top-column elementor-element elementor-element-077af04\" data-id=\"077af04\" data-element_type=\"column\">\n\t\t\t<div class=\"elementor-widget-wrap elementor-element-populated\">\n\t\t\t\t\t\t<div class=\"elementor-element elementor-element-2fbaf21 elementor-widget elementor-widget-text-editor\" data-id=\"2fbaf21\" data-element_type=\"widget\" data-widget_type=\"text-editor.default\">\n\t\t\t\t<div class=\"elementor-widget-container\">\n\t\t\t\t\t\t\t\t\t<p>Toidu raiskamine on globaalne probleem, mis on suuresti j\u00e4\u00e4nud teiste murede varju. Kui n\u00e4iteks energiatootmise keskkondlikku jalaj\u00e4lge saab v\u00e4hendada konkreetsete sammudega \u2013 paneme p\u00fcsti meretuuleparke v\u00f5i p\u00e4ikesepaneele \u2013 siis toiduraiskamise probleemi lahendamine eeldab \u00fchiskonnas ka m\u00f5tteviisi muutust.\u00a0<\/p><p>Eestis visatakse aastas minema 84 000 tonni s\u00f6\u00f6misk\u00f5lblikku toitu \u2013 ametlikult kutsutakse seda toidukaoks ehk raisatud toiduks. Tegemist on toiduga, mida inimesed saaksid veel s\u00fc\u00fca, aga erinevatel p\u00f5hjustel j\u00f5uab see pr\u00fcgikasti. Enim l\u00e4heb toitu raisku kodudes, k\u00f5ige rohkem viskame pr\u00fcgikasti k\u00f6\u00f6givilju ja valmistoitu.<\/p><p>Samas elab Sotsiaalministeeriumi andmetel Eestis hinnanguliselt 300 000 abivajajat, kes vajaksid toiduabi. Lisaks tekitab toiduraiskamine kasvuhoonegaaside heidet, panustades sellega kliimakriisi s\u00fcvenemisesse ja p\u00f5hjustab erinevate ressursside \u2013 maa, vesi, energia ja t\u00f6\u00f6 \u2013 raisku minemist.<\/p><p>FudLoopi eesm\u00e4rk on v\u00e4hendada toidukao hulka ringmajanduse p\u00f5him\u00f5ttel, piloteerida toidujagamiskappide lahendust ja v\u00e4hendades sellega kodudes, toitlustusasutustes ja poodides tekkivat toidukadu. Arvestades, et toidukao hulk on aastatega suurenenud ja eeldatavasti suureneb heaolu kasvamisega veelgi, on \u00fclioluline leida lahendusi toidukao kasvu pidurdamiseks. Tulevikus soovime eri lahendustega p\u00e4\u00e4sta toitu ka koolidest, toiduainet\u00f6\u00f6stusest ja p\u00f5llumajandusest.<\/p>\t\t\t\t\t\t\t\t<\/div>\n\t\t\t\t<\/div>\n\t\t\t\t\t<\/div>\n\t\t<\/div>\n\t\t\t\t<div class=\"elementor-column elementor-col-50 elementor-top-column elementor-element elementor-element-47a2f0e\" data-id=\"47a2f0e\" data-element_type=\"column\">\n\t\t\t<div class=\"elementor-widget-wrap elementor-element-populated\">\n\t\t\t\t\t\t<div class=\"elementor-element elementor-element-fbfb8ba elementor-widget elementor-widget-image-gallery\" data-id=\"fbfb8ba\" data-element_type=\"widget\" data-widget_type=\"image-gallery.default\">\n\t\t\t\t<div class=\"elementor-widget-container\">\n\t\t\t\t\t\t\t<div class=\"elementor-image-gallery\">\n\t\t\t<div id='gallery-1' class='gallery galleryid-16 gallery-columns-2 gallery-size-medium'><figure class='gallery-item'>\n\t\t\t<div class='gallery-icon landscape'>\n\t\t\t\t<img fetchpriority=\"high\" decoding=\"async\" width=\"300\" height=\"200\" src=\"https:\/\/fudloop.ee\/wp-content\/uploads\/2021\/08\/food-waste-1-300x200.jpg\" class=\"attachment-medium size-medium\" alt=\"\" srcset=\"https:\/\/fudloop.ee\/wp-content\/uploads\/2021\/08\/food-waste-1-300x200.jpg 300w, https:\/\/fudloop.ee\/wp-content\/uploads\/2021\/08\/food-waste-1-1024x683.jpg 1024w, https:\/\/fudloop.ee\/wp-content\/uploads\/2021\/08\/food-waste-1-768x512.jpg 768w, https:\/\/fudloop.ee\/wp-content\/uploads\/2021\/08\/food-waste-1-1536x1024.jpg 1536w, https:\/\/fudloop.ee\/wp-content\/uploads\/2021\/08\/food-waste-1.jpg 1920w\" sizes=\"(max-width: 300px) 100vw, 300px\" \/>\n\t\t\t<\/div><\/figure><figure class='gallery-item'>\n\t\t\t<div class='gallery-icon landscape'>\n\t\t\t\t<img decoding=\"async\" width=\"300\" height=\"200\" src=\"https:\/\/fudloop.ee\/wp-content\/uploads\/2021\/08\/food-waste-3-300x200.jpg\" class=\"attachment-medium size-medium\" alt=\"\" srcset=\"https:\/\/fudloop.ee\/wp-content\/uploads\/2021\/08\/food-waste-3-300x200.jpg 300w, https:\/\/fudloop.ee\/wp-content\/uploads\/2021\/08\/food-waste-3-1024x683.jpg 1024w, https:\/\/fudloop.ee\/wp-content\/uploads\/2021\/08\/food-waste-3-768x512.jpg 768w, https:\/\/fudloop.ee\/wp-content\/uploads\/2021\/08\/food-waste-3-1536x1024.jpg 1536w, https:\/\/fudloop.ee\/wp-content\/uploads\/2021\/08\/food-waste-3.jpg 1920w\" sizes=\"(max-width: 300px) 100vw, 300px\" \/>\n\t\t\t<\/div><\/figure><figure class='gallery-item'>\n\t\t\t<div class='gallery-icon landscape'>\n\t\t\t\t<img decoding=\"async\" width=\"300\" height=\"200\" src=\"https:\/\/fudloop.ee\/wp-content\/uploads\/2021\/08\/food-waste-5-min-300x200.jpg\" class=\"attachment-medium size-medium\" alt=\"\" srcset=\"https:\/\/fudloop.ee\/wp-content\/uploads\/2021\/08\/food-waste-5-min-300x200.jpg 300w, https:\/\/fudloop.ee\/wp-content\/uploads\/2021\/08\/food-waste-5-min-1024x683.jpg 1024w, https:\/\/fudloop.ee\/wp-content\/uploads\/2021\/08\/food-waste-5-min-768x512.jpg 768w, https:\/\/fudloop.ee\/wp-content\/uploads\/2021\/08\/food-waste-5-min-1536x1024.jpg 1536w, https:\/\/fudloop.ee\/wp-content\/uploads\/2021\/08\/food-waste-5-min.jpg 1920w\" sizes=\"(max-width: 300px) 100vw, 300px\" \/>\n\t\t\t<\/div><\/figure><figure class='gallery-item'>\n\t\t\t<div class='gallery-icon landscape'>\n\t\t\t\t<img loading=\"lazy\" decoding=\"async\" width=\"300\" height=\"200\" src=\"https:\/\/fudloop.ee\/wp-content\/uploads\/2021\/08\/food-waste-4-min-300x200.jpg\" class=\"attachment-medium size-medium\" alt=\"\" srcset=\"https:\/\/fudloop.ee\/wp-content\/uploads\/2021\/08\/food-waste-4-min-300x200.jpg 300w, https:\/\/fudloop.ee\/wp-content\/uploads\/2021\/08\/food-waste-4-min-1024x683.jpg 1024w, https:\/\/fudloop.ee\/wp-content\/uploads\/2021\/08\/food-waste-4-min-768x512.jpg 768w, https:\/\/fudloop.ee\/wp-content\/uploads\/2021\/08\/food-waste-4-min-1536x1024.jpg 1536w, https:\/\/fudloop.ee\/wp-content\/uploads\/2021\/08\/food-waste-4-min.jpg 1920w\" sizes=\"(max-width: 300px) 100vw, 300px\" \/>\n\t\t\t<\/div><\/figure>\n\t\t<\/div>\n\t\t<\/div>\n\t\t\t\t\t\t<\/div>\n\t\t\t\t<\/div>\n\t\t\t\t\t<\/div>\n\t\t<\/div>\n\t\t\t\t\t<\/div>\n\t\t<\/section>\n\t\t\t\t<\/div>","protected":false},"excerpt":{"rendered":"<p>Toidu raiskamine Toidu raiskamine on globaalne probleem, mis on suuresti j\u00e4\u00e4nud teiste murede varju. Kui n\u00e4iteks energiatootmise keskkondlikku jalaj\u00e4lge saab v\u00e4hendada konkreetsete sammudega \u2013 paneme p\u00fcsti meretuuleparke v\u00f5i p\u00e4ikesepaneele \u2013 siis toiduraiskamise probleemi lahendamine eeldab \u00fchiskonnas ka m\u00f5tteviisi muutust.\u00a0 Eestis visatakse aastas minema 84 000 tonni s\u00f6\u00f6misk\u00f5lblikku toitu \u2013 ametlikult kutsutakse seda toidukaoks ehk raisatud [&hellip;]<\/p>","protected":false},"author":2,"featured_media":0,"parent":0,"menu_order":0,"comment_status":"closed","ping_status":"closed","template":"elementor_theme","meta":{"footnotes":""},"class_list":["post-16","page","type-page","status-publish","hentry"],"_links":{"self":[{"href":"https:\/\/fudloop.ee\/lv\/wp-json\/wp\/v2\/pages\/16","targetHints":{"allow":["GET"]}}],"collection":[{"href":"https:\/\/fudloop.ee\/lv\/wp-json\/wp\/v2\/pages"}],"about":[{"href":"https:\/\/fudloop.ee\/lv\/wp-json\/wp\/v2\/types\/page"}],"author":[{"embeddable":true,"href":"https:\/\/fudloop.ee\/lv\/wp-json\/wp\/v2\/users\/2"}],"replies":[{"embeddable":true,"href":"https:\/\/fudloop.ee\/lv\/wp-json\/wp\/v2\/comments?post=16"}],"version-history":[{"count":5,"href":"https:\/\/fudloop.ee\/lv\/wp-json\/wp\/v2\/pages\/16\/revisions"}],"predecessor-version":[{"id":879,"href":"https:\/\/fudloop.ee\/lv\/wp-json\/wp\/v2\/pages\/16\/revisions\/879"}],"wp:attachment":[{"href":"https:\/\/fudloop.ee\/lv\/wp-json\/wp\/v2\/media?parent=16"}],"curies":[{"name":"wp","href":"https:\/\/api.w.org\/{rel}","templated":true}]}}