{"id":18,"date":"2021-08-08T17:04:24","date_gmt":"2021-08-08T14:04:24","guid":{"rendered":"https:\/\/fudloop.ee\/?page_id=18"},"modified":"2025-09-17T03:08:44","modified_gmt":"2025-09-17T00:08:44","slug":"blogi","status":"publish","type":"page","link":"https:\/\/fudloop.ee\/lv\/blogi\/","title":{"rendered":"Blogi"},"content":{"rendered":"<div data-elementor-type=\"wp-page\" data-elementor-id=\"18\" class=\"elementor elementor-18\">\n\t\t\t\t\t\t<section class=\"elementor-section elementor-top-section elementor-element elementor-element-3ae4227 elementor-section-boxed elementor-section-height-default elementor-section-height-default\" data-id=\"3ae4227\" data-element_type=\"section\">\n\t\t\t\t\t\t<div class=\"elementor-container elementor-column-gap-default\">\n\t\t\t\t\t<div class=\"elementor-column elementor-col-100 elementor-top-column elementor-element elementor-element-e9f19b5\" data-id=\"e9f19b5\" data-element_type=\"column\">\n\t\t\t<div class=\"elementor-widget-wrap elementor-element-populated\">\n\t\t\t\t\t\t<div class=\"elementor-element elementor-element-6fc5ffe elementor-grid-eael-col-3 elementor-grid-tablet-eael-col-2 elementor-grid-mobile-eael-col-1 elementor-widget elementor-widget-eael-post-grid\" data-id=\"6fc5ffe\" data-element_type=\"widget\" data-settings=\"{&quot;eael_post_grid_columns&quot;:&quot;eael-col-3&quot;,&quot;eael_post_grid_columns_tablet&quot;:&quot;eael-col-2&quot;,&quot;eael_post_grid_columns_mobile&quot;:&quot;eael-col-1&quot;}\" data-widget_type=\"eael-post-grid.default\">\n\t\t\t\t<div class=\"elementor-widget-container\">\n\t\t\t\t\t<div id=\"eael-post-grid-6fc5ffe\" class=\"eael-post-grid-container\">\n            <div class=\"eael-post-grid eael-post-appender eael-post-appender-6fc5ffe eael-post-grid-style-one\" data-layout-mode=\"grid\"><article class=\"eael-grid-post  eael-post-grid-column eael-pg-post-1757 category-uudis\" data-id=\"1757\">\n        <div class=\"eael-grid-post-holder\">\n            <div class=\"eael-grid-post-holder-inner\"><div class=\"eael-entry-media\"><div class=\"eael-entry-overlay none\"><i class=\"fas fa-long-arrow-alt-right\" aria-hidden=\"true\"><\/i><a href=\"https:\/\/fudloop.ee\/lv\/tallinna-linn-investeerib-ettevotete-nutikatesse-lahendustesse-100-000-eurot\/\"><\/a><\/div><div class=\"eael-entry-thumbnail\">\n                <img fetchpriority=\"high\" decoding=\"async\" width=\"768\" height=\"535\" src=\"https:\/\/fudloop.ee\/wp-content\/uploads\/2022\/10\/meeskonna-foto-768x535.jpg\" class=\"attachment-medium_large size-medium_large wp-image-1759\" alt=\"\" srcset=\"https:\/\/fudloop.ee\/wp-content\/uploads\/2022\/10\/meeskonna-foto-768x535.jpg 768w, https:\/\/fudloop.ee\/wp-content\/uploads\/2022\/10\/meeskonna-foto-300x209.jpg 300w, https:\/\/fudloop.ee\/wp-content\/uploads\/2022\/10\/meeskonna-foto-1024x714.jpg 1024w, https:\/\/fudloop.ee\/wp-content\/uploads\/2022\/10\/meeskonna-foto-1536x1070.jpg 1536w, https:\/\/fudloop.ee\/wp-content\/uploads\/2022\/10\/meeskonna-foto.jpg 2048w\" sizes=\"(max-width: 768px) 100vw, 768px\" \/>\n            <\/div>\n        <\/div><div class=\"eael-entry-wrapper\"><header class=\"eael-entry-header\"><h2 class=\"eael-entry-title\"><a class=\"eael-grid-post-link\" href=\"https:\/\/fudloop.ee\/lv\/tallinna-linn-investeerib-ettevotete-nutikatesse-lahendustesse-100-000-eurot\/\" title=\"Tallinna linn investeerib ettev\u00f5tete nutikatesse lahendustesse 100 000 eurot\">Tallinna linn investeerib ettev\u00f5tete nutikatesse lahendustesse 100 000 eurot<\/a><\/h2><\/header><div class=\"eael-entry-header-after\"><div class=\"eael-entry-meta\"><span class=\"eael-posted-on\"><time datetime=\"22. Okt 2022\">22. Okt 2022<\/time><\/span><\/div><\/div><div class=\"eael-entry-content\">\n                        <div class=\"eael-grid-post-excerpt\"><p>Targa linna lahendusi toetavale Tallinnovationi konkursile laekus sel korral 10 taotlust. Nende hulgast valis Tallinna linn koos teadus- ja \u00e4rilinnakuga...<\/p><a href=\"https:\/\/fudloop.ee\/lv\/tallinna-linn-investeerib-ettevotete-nutikatesse-lahendustesse-100-000-eurot\/\" class=\"eael-post-elements-readmore-btn\">Loe edasi<\/a><\/div>\n                    <\/div><\/div><\/div>\n        <\/div>\n    <\/article><article class=\"eael-grid-post  eael-post-grid-column eael-pg-post-1345 category-uudis tags-fudloop-paastetud-toit-toidujagamiskapp-toiduohutus\" data-id=\"1345\">\n        <div class=\"eael-grid-post-holder\">\n            <div class=\"eael-grid-post-holder-inner\"><div class=\"eael-entry-media\"><div class=\"eael-entry-overlay none\"><i class=\"fas fa-long-arrow-alt-right\" aria-hidden=\"true\"><\/i><a href=\"https:\/\/fudloop.ee\/lv\/ringmajanduse-idufirma-on-kahe-kuuga-paastnud-kolmveerand-tonni-toitu\/\"><\/a><\/div><div class=\"eael-entry-thumbnail\">\n                <img decoding=\"async\" width=\"768\" height=\"576\" src=\"https:\/\/fudloop.ee\/wp-content\/uploads\/2022\/04\/Toidujagamiskapp2-768x576.jpg\" class=\"attachment-medium_large size-medium_large wp-image-1220\" alt=\"\" srcset=\"https:\/\/fudloop.ee\/wp-content\/uploads\/2022\/04\/Toidujagamiskapp2-768x576.jpg 768w, https:\/\/fudloop.ee\/wp-content\/uploads\/2022\/04\/Toidujagamiskapp2-300x225.jpg 300w, https:\/\/fudloop.ee\/wp-content\/uploads\/2022\/04\/Toidujagamiskapp2-1024x768.jpg 1024w, https:\/\/fudloop.ee\/wp-content\/uploads\/2022\/04\/Toidujagamiskapp2-1536x1152.jpg 1536w, https:\/\/fudloop.ee\/wp-content\/uploads\/2022\/04\/Toidujagamiskapp2-2048x1536.jpg 2048w\" sizes=\"(max-width: 768px) 100vw, 768px\" \/>\n            <\/div>\n        <\/div><div class=\"eael-entry-wrapper\"><header class=\"eael-entry-header\"><h2 class=\"eael-entry-title\"><a class=\"eael-grid-post-link\" href=\"https:\/\/fudloop.ee\/lv\/ringmajanduse-idufirma-on-kahe-kuuga-paastnud-kolmveerand-tonni-toitu\/\" title=\"Ringmajanduse idufirma on kahe kuuga p\u00e4\u00e4stnud kolmveerand tonni toitu\">Ringmajanduse idufirma on kahe kuuga p\u00e4\u00e4stnud kolmveerand tonni toitu<\/a><\/h2><\/header><div class=\"eael-entry-header-after\"><div class=\"eael-entry-meta\"><span class=\"eael-posted-on\"><time datetime=\"30. Mai 2022\">30. Mai 2022<\/time><\/span><\/div><\/div><div class=\"eael-entry-content\">\n                        <div class=\"eael-grid-post-excerpt\"><p>Ringmajandusettev\u00f5te FudLoop on kahe tegutsemiskuu jooksul p\u00e4\u00e4stnud juba ligi kolmveerand tonni toitu \u00e4ra viskamisest ja suunanud selle tarbijateni. Toidujagamiskapi kasutajaks...<\/p><a href=\"https:\/\/fudloop.ee\/lv\/ringmajanduse-idufirma-on-kahe-kuuga-paastnud-kolmveerand-tonni-toitu\/\" class=\"eael-post-elements-readmore-btn\">Loe edasi<\/a><\/div>\n                    <\/div><\/div><\/div>\n        <\/div>\n    <\/article><article class=\"eael-grid-post  eael-post-grid-column eael-pg-post-1126 category-uudis\" data-id=\"1126\">\n        <div class=\"eael-grid-post-holder\">\n            <div class=\"eael-grid-post-holder-inner\"><div class=\"eael-entry-media\"><div class=\"eael-entry-overlay none\"><i class=\"fas fa-long-arrow-alt-right\" aria-hidden=\"true\"><\/i><a href=\"https:\/\/fudloop.ee\/lv\/toidujagamiskapp-alustas-pilootprojektiga\/\"><\/a><\/div><div class=\"eael-entry-thumbnail\">\n                <img decoding=\"async\" width=\"768\" height=\"512\" src=\"https:\/\/fudloop.ee\/wp-content\/uploads\/2022\/01\/pexels-sarah-chai-7262994-scaled-e1641845477281-768x512.jpg\" class=\"attachment-medium_large size-medium_large wp-image-631\" alt=\"\" srcset=\"https:\/\/fudloop.ee\/wp-content\/uploads\/2022\/01\/pexels-sarah-chai-7262994-scaled-e1641845477281-768x512.jpg 768w, https:\/\/fudloop.ee\/wp-content\/uploads\/2022\/01\/pexels-sarah-chai-7262994-scaled-e1641845477281-300x200.jpg 300w, https:\/\/fudloop.ee\/wp-content\/uploads\/2022\/01\/pexels-sarah-chai-7262994-scaled-e1641845477281-1024x683.jpg 1024w, https:\/\/fudloop.ee\/wp-content\/uploads\/2022\/01\/pexels-sarah-chai-7262994-scaled-e1641845477281-1536x1024.jpg 1536w, https:\/\/fudloop.ee\/wp-content\/uploads\/2022\/01\/pexels-sarah-chai-7262994-scaled-e1641845477281-2048x1366.jpg 2048w\" sizes=\"(max-width: 768px) 100vw, 768px\" \/>\n            <\/div>\n        <\/div><div class=\"eael-entry-wrapper\"><header class=\"eael-entry-header\"><h2 class=\"eael-entry-title\"><a class=\"eael-grid-post-link\" href=\"https:\/\/fudloop.ee\/lv\/toidujagamiskapp-alustas-pilootprojektiga\/\" title=\"Toidujagamiskapp alustas pilootprojektiga\">Toidujagamiskapp alustas pilootprojektiga<\/a><\/h2><\/header><div class=\"eael-entry-header-after\"><div class=\"eael-entry-meta\"><span class=\"eael-posted-on\"><time datetime=\"16. Mar 2022\">16. Mar 2022<\/time><\/span><\/div><\/div><div class=\"eael-entry-content\">\n                        <div class=\"eael-grid-post-excerpt\"><p>Ringmajandusettev\u00f5te FudLoop alustas Tallinnas toidujagamiskapi pilootprojektiga, mille k\u00e4igus on kapp avatud valitud piiratud hulgale klientidele toidu jagamiseks. Registreerumiseks palun mine...<\/p><a href=\"https:\/\/fudloop.ee\/lv\/toidujagamiskapp-alustas-pilootprojektiga\/\" class=\"eael-post-elements-readmore-btn\">Loe edasi<\/a><\/div>\n                    <\/div><\/div><\/div>\n        <\/div>\n    <\/article><article class=\"eael-grid-post  eael-post-grid-column eael-pg-post-1037 category-uudis\" data-id=\"1037\">\n        <div class=\"eael-grid-post-holder\">\n            <div class=\"eael-grid-post-holder-inner\"><div class=\"eael-entry-media\"><div class=\"eael-entry-overlay none\"><i class=\"fas fa-long-arrow-alt-right\" aria-hidden=\"true\"><\/i><a href=\"https:\/\/fudloop.ee\/lv\/tallinna-paigaldati-uudse-toidujagamiskapi-prototuup\/\"><\/a><\/div><div class=\"eael-entry-thumbnail\">\n                <img loading=\"lazy\" decoding=\"async\" width=\"719\" height=\"479\" src=\"https:\/\/fudloop.ee\/wp-content\/uploads\/2022\/02\/2022-02-04_Keskturu_toidujagamiskapi_transport.jpg\" class=\"attachment-medium_large size-medium_large wp-image-1038\" alt=\"\" srcset=\"https:\/\/fudloop.ee\/wp-content\/uploads\/2022\/02\/2022-02-04_Keskturu_toidujagamiskapi_transport.jpg 719w, https:\/\/fudloop.ee\/wp-content\/uploads\/2022\/02\/2022-02-04_Keskturu_toidujagamiskapi_transport-300x200.jpg 300w\" sizes=\"(max-width: 719px) 100vw, 719px\" \/>\n            <\/div>\n        <\/div><div class=\"eael-entry-wrapper\"><header class=\"eael-entry-header\"><h2 class=\"eael-entry-title\"><a class=\"eael-grid-post-link\" href=\"https:\/\/fudloop.ee\/lv\/tallinna-paigaldati-uudse-toidujagamiskapi-prototuup\/\" title=\"Tallinna paigaldati uudse toidujagamiskapi protot\u00fc\u00fcp\">Tallinna paigaldati uudse toidujagamiskapi protot\u00fc\u00fcp<\/a><\/h2><\/header><div class=\"eael-entry-header-after\"><div class=\"eael-entry-meta\"><span class=\"eael-posted-on\"><time datetime=\"4. Feb 2022\">4. Feb 2022<\/time><\/span><\/div><\/div><div class=\"eael-entry-content\">\n                        <div class=\"eael-grid-post-excerpt\"><p>Ringmajandusettev\u00f5te FudLoop paigaldas Keskturule oma esimese toidujagamiskapi, mille eesm\u00e4rk on p\u00e4\u00e4sta toitu kodumajapidamistest ja ettev\u00f5tetest ja suunata see inimeste toidulauale....<\/p><a href=\"https:\/\/fudloop.ee\/lv\/tallinna-paigaldati-uudse-toidujagamiskapi-prototuup\/\" class=\"eael-post-elements-readmore-btn\">Loe edasi<\/a><\/div>\n                    <\/div><\/div><\/div>\n        <\/div>\n    <\/article><article class=\"eael-grid-post  eael-post-grid-column eael-pg-post-559 category-uudis\" data-id=\"559\">\n        <div class=\"eael-grid-post-holder\">\n            <div class=\"eael-grid-post-holder-inner\"><div class=\"eael-entry-media\"><div class=\"eael-entry-overlay none\"><i class=\"fas fa-long-arrow-alt-right\" aria-hidden=\"true\"><\/i><a href=\"https:\/\/fudloop.ee\/lv\/nommel-ehitatakse-ainulaadset-toidujagamiskappi\/\"><\/a><\/div><div class=\"eael-entry-thumbnail\">\n                <img loading=\"lazy\" decoding=\"async\" width=\"685\" height=\"685\" src=\"https:\/\/fudloop.ee\/wp-content\/uploads\/2022\/02\/N6mme_huvikool.png\" class=\"attachment-medium_large size-medium_large wp-image-1051\" alt=\"\" srcset=\"https:\/\/fudloop.ee\/wp-content\/uploads\/2022\/02\/N6mme_huvikool.png 685w, https:\/\/fudloop.ee\/wp-content\/uploads\/2022\/02\/N6mme_huvikool-300x300.png 300w, https:\/\/fudloop.ee\/wp-content\/uploads\/2022\/02\/N6mme_huvikool-150x150.png 150w\" sizes=\"(max-width: 685px) 100vw, 685px\" \/>\n            <\/div>\n        <\/div><div class=\"eael-entry-wrapper\"><header class=\"eael-entry-header\"><h2 class=\"eael-entry-title\"><a class=\"eael-grid-post-link\" href=\"https:\/\/fudloop.ee\/lv\/nommel-ehitatakse-ainulaadset-toidujagamiskappi\/\" title=\"N\u00f5mmel ehitatakse ainulaadset toidujagamiskappi\">N\u00f5mmel ehitatakse ainulaadset toidujagamiskappi<\/a><\/h2><\/header><div class=\"eael-entry-header-after\"><div class=\"eael-entry-meta\"><span class=\"eael-posted-on\"><time datetime=\"5. Dec 2021\">5. Dec 2021<\/time><\/span><\/div><\/div><div class=\"eael-entry-content\">\n                        <div class=\"eael-grid-post-excerpt\"><p>Ringmajandusettev\u00f5te FudLoop ja Tallinna N\u00f5mme Huvikool teevad koost\u00f6\u00f6d, et ehitada innovatiivne toidujagamiskapp, mille eesm\u00e4rk on v\u00e4hendada toidu raiskamist. Esimese toidujagamiskapi...<\/p><a href=\"https:\/\/fudloop.ee\/lv\/nommel-ehitatakse-ainulaadset-toidujagamiskappi\/\" class=\"eael-post-elements-readmore-btn\">Loe edasi<\/a><\/div>\n                    <\/div><\/div><\/div>\n        <\/div>\n    <\/article><article class=\"eael-grid-post  eael-post-grid-column eael-pg-post-514 category-uudis\" data-id=\"514\">\n        <div class=\"eael-grid-post-holder\">\n            <div class=\"eael-grid-post-holder-inner\"><div class=\"eael-entry-media\"><div class=\"eael-entry-overlay none\"><i class=\"fas fa-long-arrow-alt-right\" aria-hidden=\"true\"><\/i><a href=\"https:\/\/fudloop.ee\/lv\/toidujagamiskappide-rajamiseks-tallinnas-kogutakse-annetusi\/\"><\/a><\/div><div class=\"eael-entry-thumbnail\">\n                <img loading=\"lazy\" decoding=\"async\" width=\"768\" height=\"512\" src=\"https:\/\/fudloop.ee\/wp-content\/uploads\/2021\/08\/toeta-768x512.jpg\" class=\"attachment-medium_large size-medium_large wp-image-338\" alt=\"\" srcset=\"https:\/\/fudloop.ee\/wp-content\/uploads\/2021\/08\/toeta-768x512.jpg 768w, https:\/\/fudloop.ee\/wp-content\/uploads\/2021\/08\/toeta-300x200.jpg 300w, https:\/\/fudloop.ee\/wp-content\/uploads\/2021\/08\/toeta-1024x683.jpg 1024w, https:\/\/fudloop.ee\/wp-content\/uploads\/2021\/08\/toeta-1536x1024.jpg 1536w, https:\/\/fudloop.ee\/wp-content\/uploads\/2021\/08\/toeta.jpg 1920w\" sizes=\"(max-width: 768px) 100vw, 768px\" \/>\n            <\/div>\n        <\/div><div class=\"eael-entry-wrapper\"><header class=\"eael-entry-header\"><h2 class=\"eael-entry-title\"><a class=\"eael-grid-post-link\" href=\"https:\/\/fudloop.ee\/lv\/toidujagamiskappide-rajamiseks-tallinnas-kogutakse-annetusi\/\" title=\"Toidujagamiskappide rajamiseks Tallinnas kogutakse annetusi\">Toidujagamiskappide rajamiseks Tallinnas kogutakse annetusi<\/a><\/h2><\/header><div class=\"eael-entry-header-after\"><div class=\"eael-entry-meta\"><span class=\"eael-posted-on\"><time datetime=\"6. Sep 2021\">6. Sep 2021<\/time><\/span><\/div><\/div><div class=\"eael-entry-content\">\n                        <div class=\"eael-grid-post-excerpt\"><p>Ringmajandusettev\u00f5te FudLoop O\u00dc&nbsp; alustas annetuste kogumist, et piloteerida Tallinnas oma toidujagamiskappide&nbsp;lahendust. Pilootprojekti&nbsp;eesm\u00e4rk on v\u00e4hendada kodumajapidamistes, jaekaubanduses&nbsp;ja toitlustusettev\u00f5tetes tekkivat toidukao ehk...<\/p><a href=\"https:\/\/fudloop.ee\/lv\/toidujagamiskappide-rajamiseks-tallinnas-kogutakse-annetusi\/\" class=\"eael-post-elements-readmore-btn\">Loe edasi<\/a><\/div>\n                    <\/div><\/div><\/div>\n        <\/div>\n    <\/article><article class=\"eael-grid-post  eael-post-grid-column eael-pg-post-140 category-uudis\" data-id=\"140\">\n        <div class=\"eael-grid-post-holder\">\n            <div class=\"eael-grid-post-holder-inner\"><div class=\"eael-entry-media\"><div class=\"eael-entry-overlay none\"><i class=\"fas fa-long-arrow-alt-right\" aria-hidden=\"true\"><\/i><a href=\"https:\/\/fudloop.ee\/lv\/miski-postitus-toidu-kohta-pika-pealkirjagagaga\/\"><\/a><\/div><div class=\"eael-entry-thumbnail\">\n                <img loading=\"lazy\" decoding=\"async\" width=\"768\" height=\"512\" src=\"https:\/\/fudloop.ee\/wp-content\/uploads\/2021\/08\/anneta_toitu-768x512.jpg\" class=\"attachment-medium_large size-medium_large wp-image-134\" alt=\"\" srcset=\"https:\/\/fudloop.ee\/wp-content\/uploads\/2021\/08\/anneta_toitu-768x512.jpg 768w, https:\/\/fudloop.ee\/wp-content\/uploads\/2021\/08\/anneta_toitu-300x200.jpg 300w, https:\/\/fudloop.ee\/wp-content\/uploads\/2021\/08\/anneta_toitu-1024x683.jpg 1024w, https:\/\/fudloop.ee\/wp-content\/uploads\/2021\/08\/anneta_toitu-1536x1024.jpg 1536w, https:\/\/fudloop.ee\/wp-content\/uploads\/2021\/08\/anneta_toitu.jpg 1920w\" sizes=\"(max-width: 768px) 100vw, 768px\" \/>\n            <\/div>\n        <\/div><div class=\"eael-entry-wrapper\"><header class=\"eael-entry-header\"><h2 class=\"eael-entry-title\"><a class=\"eael-grid-post-link\" href=\"https:\/\/fudloop.ee\/lv\/miski-postitus-toidu-kohta-pika-pealkirjagagaga\/\" title=\"K\u00fcsitlus: Vastajad eelistavad kodul\u00e4hedast toidujagamiskappi\">K\u00fcsitlus: Vastajad eelistavad kodul\u00e4hedast toidujagamiskappi<\/a><\/h2><\/header><div class=\"eael-entry-header-after\"><div class=\"eael-entry-meta\"><span class=\"eael-posted-on\"><time datetime=\"8. Aug 2021\">8. Aug 2021<\/time><\/span><\/div><\/div><div class=\"eael-entry-content\">\n                        <div class=\"eael-grid-post-excerpt\"><p>K\u00fcsitlus: Vastajad eelistavad kodul\u00e4hedast toidujagamiskappi Ringmajanduse ettev\u00f5tte FudLoop viis l\u00e4bi kliendik\u00fcsitluse, mis n\u00e4itas, et inimesed eelistavad toidujagamiskappide juures k\u00f5ige rohkem...<\/p><a href=\"https:\/\/fudloop.ee\/lv\/miski-postitus-toidu-kohta-pika-pealkirjagagaga\/\" class=\"eael-post-elements-readmore-btn\">Loe edasi<\/a><\/div>\n                    <\/div><\/div><\/div>\n        <\/div>\n    <\/article><article class=\"eael-grid-post  eael-post-grid-column eael-pg-post-154 category-uudis\" data-id=\"154\">\n        <div class=\"eael-grid-post-holder\">\n            <div class=\"eael-grid-post-holder-inner\"><div class=\"eael-entry-media\"><div class=\"eael-entry-overlay none\"><i class=\"fas fa-long-arrow-alt-right\" aria-hidden=\"true\"><\/i><a href=\"https:\/\/fudloop.ee\/lv\/miskikikiki-postitus-toidu-kohta-pika-2\/\"><\/a><\/div><div class=\"eael-entry-thumbnail\">\n                <img loading=\"lazy\" decoding=\"async\" width=\"502\" height=\"374\" src=\"https:\/\/fudloop.ee\/wp-content\/uploads\/2021\/08\/fudloop_logo.png\" class=\"attachment-medium_large size-medium_large wp-image-32\" alt=\"\" srcset=\"https:\/\/fudloop.ee\/wp-content\/uploads\/2021\/08\/fudloop_logo.png 502w, https:\/\/fudloop.ee\/wp-content\/uploads\/2021\/08\/fudloop_logo-300x224.png 300w\" sizes=\"(max-width: 502px) 100vw, 502px\" \/>\n            <\/div>\n        <\/div><div class=\"eael-entry-wrapper\"><header class=\"eael-entry-header\"><h2 class=\"eael-entry-title\"><a class=\"eael-grid-post-link\" href=\"https:\/\/fudloop.ee\/lv\/miskikikiki-postitus-toidu-kohta-pika-2\/\" title=\"Koolis\u00f6\u00f6klas \u00fcle j\u00e4\u00e4nud toit on kahe tunniga kadunud. Kui ainult abivajajad teada on\">Koolis\u00f6\u00f6klas \u00fcle j\u00e4\u00e4nud toit on kahe tunniga kadunud. Kui ainult abivajajad teada on<\/a><\/h2><\/header><div class=\"eael-entry-header-after\"><div class=\"eael-entry-meta\"><span class=\"eael-posted-on\"><time datetime=\"2. J\u016bn 2021\">2. J\u016bn 2021<\/time><\/span><\/div><\/div><div class=\"eael-entry-content\">\n                        <div class=\"eael-grid-post-excerpt\"><p>FudLoop on algatus, v\u00e4hendamaks toidu raiskamist esmalt koolides, aga edaspidi ka poodides. Eelmisel reedel l\u00f5ppes neil kahen\u00e4dalane pilootprojekt, mille ajal...<\/p><a href=\"https:\/\/fudloop.ee\/lv\/miskikikiki-postitus-toidu-kohta-pika-2\/\" class=\"eael-post-elements-readmore-btn\">Loe edasi<\/a><\/div>\n                    <\/div><\/div><\/div>\n        <\/div>\n    <\/article><article class=\"eael-grid-post  eael-post-grid-column eael-pg-post-138 category-uudis\" data-id=\"138\">\n        <div class=\"eael-grid-post-holder\">\n            <div class=\"eael-grid-post-holder-inner\"><div class=\"eael-entry-media\"><div class=\"eael-entry-overlay none\"><i class=\"fas fa-long-arrow-alt-right\" aria-hidden=\"true\"><\/i><a href=\"https:\/\/fudloop.ee\/lv\/miski-postitus-toidu-kohta\/\"><\/a><\/div><div class=\"eael-entry-thumbnail\">\n                <img loading=\"lazy\" decoding=\"async\" width=\"768\" height=\"1152\" src=\"https:\/\/fudloop.ee\/wp-content\/uploads\/2021\/08\/food_waste_min-768x1152.jpg\" class=\"attachment-medium_large size-medium_large wp-image-52\" alt=\"\" srcset=\"https:\/\/fudloop.ee\/wp-content\/uploads\/2021\/08\/food_waste_min-768x1152.jpg 768w, https:\/\/fudloop.ee\/wp-content\/uploads\/2021\/08\/food_waste_min-200x300.jpg 200w, https:\/\/fudloop.ee\/wp-content\/uploads\/2021\/08\/food_waste_min-683x1024.jpg 683w, https:\/\/fudloop.ee\/wp-content\/uploads\/2021\/08\/food_waste_min-1024x1536.jpg 1024w, https:\/\/fudloop.ee\/wp-content\/uploads\/2021\/08\/food_waste_min-1365x2048.jpg 1365w, https:\/\/fudloop.ee\/wp-content\/uploads\/2021\/08\/food_waste_min-scaled.jpg 1706w\" sizes=\"(max-width: 768px) 100vw, 768px\" \/>\n            <\/div>\n        <\/div><div class=\"eael-entry-wrapper\"><header class=\"eael-entry-header\"><h2 class=\"eael-entry-title\"><a class=\"eael-grid-post-link\" href=\"https:\/\/fudloop.ee\/lv\/miski-postitus-toidu-kohta\/\" title=\"FudLoop alustas tegevust\">FudLoop alustas tegevust<\/a><\/h2><\/header><div class=\"eael-entry-header-after\"><div class=\"eael-entry-meta\"><span class=\"eael-posted-on\"><time datetime=\"8. Apr 2021\">8. Apr 2021<\/time><\/span><\/div><\/div><div class=\"eael-entry-content\">\n                        <div class=\"eael-grid-post-excerpt\"><p>Tegevust alustas ringmajanduse ettev\u00f5te FudLoop, mille eesm\u00e4rk on v\u00e4hendadatoiduraiskamist. Uuringute kohaselt tekib Eestis aastas ligikaudu 84 000 tonni toidukadu ehk...<\/p><a href=\"https:\/\/fudloop.ee\/lv\/miski-postitus-toidu-kohta\/\" class=\"eael-post-elements-readmore-btn\">Loe edasi<\/a><\/div>\n                    <\/div><\/div><\/div>\n        <\/div>\n    <\/article><\/div>\n            <div class=\"clearfix\"><\/div>\n        <\/div>\t\t\t\t<\/div>\n\t\t\t\t<\/div>\n\t\t\t\t\t<\/div>\n\t\t<\/div>\n\t\t\t\t\t<\/div>\n\t\t<\/section>\n\t\t\t\t<\/div>","protected":false},"excerpt":{"rendered":"<p>Tallinna linn investeerib ettev\u00f5tete nutikatesse lahendustesse 100 000 eurot 22. okt. 2022 Targa linna lahendusi toetavale Tallinnovationi konkursile laekus sel korral 10 taotlust. Nende hulgast valis Tallinna linn koos teadus- ja \u00e4rilinnakuga&#8230; Loe edasi Ringmajanduse idufirma on kahe kuuga p\u00e4\u00e4stnud kolmveerand tonni toitu 30. mai 2022 Ringmajandusettev\u00f5te FudLoop on kahe tegutsemiskuu jooksul p\u00e4\u00e4stnud juba ligi [&hellip;]<\/p>","protected":false},"author":2,"featured_media":0,"parent":0,"menu_order":0,"comment_status":"closed","ping_status":"closed","template":"elementor_theme","meta":{"footnotes":""},"class_list":["post-18","page","type-page","status-publish","hentry"],"_links":{"self":[{"href":"https:\/\/fudloop.ee\/lv\/wp-json\/wp\/v2\/pages\/18","targetHints":{"allow":["GET"]}}],"collection":[{"href":"https:\/\/fudloop.ee\/lv\/wp-json\/wp\/v2\/pages"}],"about":[{"href":"https:\/\/fudloop.ee\/lv\/wp-json\/wp\/v2\/types\/page"}],"author":[{"embeddable":true,"href":"https:\/\/fudloop.ee\/lv\/wp-json\/wp\/v2\/users\/2"}],"replies":[{"embeddable":true,"href":"https:\/\/fudloop.ee\/lv\/wp-json\/wp\/v2\/comments?post=18"}],"version-history":[{"count":5,"href":"https:\/\/fudloop.ee\/lv\/wp-json\/wp\/v2\/pages\/18\/revisions"}],"predecessor-version":[{"id":2188,"href":"https:\/\/fudloop.ee\/lv\/wp-json\/wp\/v2\/pages\/18\/revisions\/2188"}],"wp:attachment":[{"href":"https:\/\/fudloop.ee\/lv\/wp-json\/wp\/v2\/media?parent=18"}],"curies":[{"name":"wp","href":"https:\/\/api.w.org\/{rel}","templated":true}]}}