{"id":20,"date":"2021-08-08T17:04:39","date_gmt":"2021-08-08T14:04:39","guid":{"rendered":"https:\/\/fudloop.ee\/?page_id=20"},"modified":"2022-09-08T14:17:50","modified_gmt":"2022-09-08T11:17:50","slug":"meist","status":"publish","type":"page","link":"https:\/\/fudloop.ee\/lv\/meist\/","title":{"rendered":"Meist"},"content":{"rendered":"<div data-elementor-type=\"wp-page\" data-elementor-id=\"20\" class=\"elementor elementor-20\">\n\t\t\t\t\t\t<section class=\"elementor-section elementor-top-section elementor-element elementor-element-b98321e elementor-section-boxed elementor-section-height-default elementor-section-height-default\" data-id=\"b98321e\" data-element_type=\"section\">\n\t\t\t\t\t\t<div class=\"elementor-container elementor-column-gap-default\">\n\t\t\t\t\t<div class=\"elementor-column elementor-col-100 elementor-top-column elementor-element elementor-element-bbeb202\" data-id=\"bbeb202\" data-element_type=\"column\">\n\t\t\t<div class=\"elementor-widget-wrap elementor-element-populated\">\n\t\t\t\t\t\t<div class=\"elementor-element elementor-element-f982650 elementor-widget elementor-widget-heading\" data-id=\"f982650\" data-element_type=\"widget\" data-widget_type=\"heading.default\">\n\t\t\t\t<div class=\"elementor-widget-container\">\n\t\t\t\t\t<h2 class=\"elementor-heading-title elementor-size-default\">Meist<\/h2>\t\t\t\t<\/div>\n\t\t\t\t<\/div>\n\t\t\t\t\t<\/div>\n\t\t<\/div>\n\t\t\t\t\t<\/div>\n\t\t<\/section>\n\t\t\t\t<section class=\"elementor-section elementor-top-section elementor-element elementor-element-158bf0a elementor-section-boxed elementor-section-height-default elementor-section-height-default\" data-id=\"158bf0a\" data-element_type=\"section\">\n\t\t\t\t\t\t<div class=\"elementor-container elementor-column-gap-default\">\n\t\t\t\t\t<div class=\"elementor-column elementor-col-50 elementor-top-column elementor-element elementor-element-a29571e\" data-id=\"a29571e\" data-element_type=\"column\">\n\t\t\t<div class=\"elementor-widget-wrap elementor-element-populated\">\n\t\t\t\t\t\t<div class=\"elementor-element elementor-element-d2e00e9 elementor-widget elementor-widget-text-editor\" data-id=\"d2e00e9\" data-element_type=\"widget\" data-widget_type=\"text-editor.default\">\n\t\t\t\t<div class=\"elementor-widget-container\">\n\t\t\t\t\t\t\t\t\t<p>FudLoop s\u00fcndis m\u00e4rtsis 2021.<\/p><p>Meie missioon on v\u00e4hendada toidu raiskamist ja arendada lahendusi, mis aitavad seda eesm\u00e4rki saavutada.<\/p><p>Meie visioon on luua maailm, kus toit ei l\u00e4he raisku.<\/p><p><strong style=\"color: var( --e-global-color-text ); font-family: var( --e-global-typography-text-font-family ), Sans-serif; font-size: 1rem;\">Tarmo Seliste, asutaja<\/strong><\/p><p>Mind inspireerib v\u00f5imalus muuta maailma ja leida lahendusi probleemidele, mis puudutavad paljusid. Toidu raiskamise v\u00e4hendamine on \u00fcks suurimaid maailma ees seisvaid v\u00e4ljakutseid, mille lahendamine aitab v\u00e4hendada ka keskkonna jalaj\u00e4lge.<\/p><p><a href=\"https:\/\/ee.linkedin.com\/in\/tarmoseliste?trk=people-guest_people_search-card\">LinkedIn<\/a><\/p>\t\t\t\t\t\t\t\t<\/div>\n\t\t\t\t<\/div>\n\t\t\t\t\t<\/div>\n\t\t<\/div>\n\t\t\t\t<div class=\"elementor-column elementor-col-50 elementor-top-column elementor-element elementor-element-31e486b\" data-id=\"31e486b\" data-element_type=\"column\">\n\t\t\t<div class=\"elementor-widget-wrap elementor-element-populated\">\n\t\t\t\t\t\t<section class=\"elementor-section elementor-inner-section elementor-element elementor-element-e156c9a elementor-section-boxed elementor-section-height-default elementor-section-height-default\" data-id=\"e156c9a\" data-element_type=\"section\">\n\t\t\t\t\t\t<div class=\"elementor-container elementor-column-gap-default\">\n\t\t\t\t\t<div class=\"elementor-column elementor-col-50 elementor-inner-column elementor-element elementor-element-8c27af5\" data-id=\"8c27af5\" data-element_type=\"column\">\n\t\t\t<div class=\"elementor-widget-wrap\">\n\t\t\t\t\t\t\t<\/div>\n\t\t<\/div>\n\t\t\t\t<div class=\"elementor-column elementor-col-50 elementor-inner-column elementor-element elementor-element-00996cb\" data-id=\"00996cb\" data-element_type=\"column\">\n\t\t\t<div class=\"elementor-widget-wrap elementor-element-populated\">\n\t\t\t\t\t\t<div class=\"elementor-element elementor-element-ccd8118 elementor-widget elementor-widget-text-editor\" data-id=\"ccd8118\" data-element_type=\"widget\" data-widget_type=\"text-editor.default\">\n\t\t\t\t<div class=\"elementor-widget-container\">\n\t\t\t\t\t\t\t\t\t<p><strong>FudLoop O\u00dc<\/strong><\/p><p>Juriidiline keha: FudLoop \u00a0O\u00dc<\/p><p>Reg. nr. 16273987<\/p><p>Aadress: S\u00e4\u00e4se 5-28, 12918 Tallinn<\/p><p>info@fudloop.ee<\/p>\t\t\t\t\t\t\t\t<\/div>\n\t\t\t\t<\/div>\n\t\t\t\t\t<\/div>\n\t\t<\/div>\n\t\t\t\t\t<\/div>\n\t\t<\/section>\n\t\t\t\t\t<\/div>\n\t\t<\/div>\n\t\t\t\t\t<\/div>\n\t\t<\/section>\n\t\t\t\t<section class=\"elementor-section elementor-top-section elementor-element elementor-element-5ea95bf elementor-section-boxed elementor-section-height-default elementor-section-height-default\" data-id=\"5ea95bf\" data-element_type=\"section\">\n\t\t\t\t\t\t<div class=\"elementor-container elementor-column-gap-default\">\n\t\t\t\t\t<div class=\"elementor-column elementor-col-100 elementor-top-column elementor-element elementor-element-f4bd1f0\" data-id=\"f4bd1f0\" data-element_type=\"column\">\n\t\t\t<div class=\"elementor-widget-wrap elementor-element-populated\">\n\t\t\t\t\t\t<div class=\"elementor-element elementor-element-8e1202c elementor-widget elementor-widget-spacer\" data-id=\"8e1202c\" data-element_type=\"widget\" data-widget_type=\"spacer.default\">\n\t\t\t\t<div class=\"elementor-widget-container\">\n\t\t\t\t\t\t\t<div class=\"elementor-spacer\">\n\t\t\t<div class=\"elementor-spacer-inner\"><\/div>\n\t\t<\/div>\n\t\t\t\t\t\t<\/div>\n\t\t\t\t<\/div>\n\t\t\t\t\t<\/div>\n\t\t<\/div>\n\t\t\t\t\t<\/div>\n\t\t<\/section>\n\t\t\t\t<section class=\"elementor-section elementor-top-section elementor-element elementor-element-fa5d8fb elementor-section-boxed elementor-section-height-default elementor-section-height-default\" data-id=\"fa5d8fb\" data-element_type=\"section\">\n\t\t\t\t\t\t<div class=\"elementor-container elementor-column-gap-default\">\n\t\t\t\t\t<div class=\"elementor-column elementor-col-100 elementor-top-column elementor-element elementor-element-093c470\" data-id=\"093c470\" data-element_type=\"column\">\n\t\t\t<div class=\"elementor-widget-wrap elementor-element-populated\">\n\t\t\t\t\t\t\t<\/div>\n\t\t<\/div>\n\t\t\t\t\t<\/div>\n\t\t<\/section>\n\t\t\t\t<\/div>","protected":false},"excerpt":{"rendered":"<p>Meist FudLoop s\u00fcndis m\u00e4rtsis 2021. Meie missioon on v\u00e4hendada toidu raiskamist ja arendada lahendusi, mis aitavad seda eesm\u00e4rki saavutada. Meie visioon on luua maailm, kus toit ei l\u00e4he raisku. Tarmo Seliste, asutaja Mind inspireerib v\u00f5imalus muuta maailma ja leida lahendusi probleemidele, mis puudutavad paljusid. Toidu raiskamise v\u00e4hendamine on \u00fcks suurimaid maailma ees seisvaid v\u00e4ljakutseid, mille [&hellip;]<\/p>","protected":false},"author":2,"featured_media":0,"parent":0,"menu_order":0,"comment_status":"closed","ping_status":"closed","template":"elementor_theme","meta":{"footnotes":""},"class_list":["post-20","page","type-page","status-publish","hentry"],"_links":{"self":[{"href":"https:\/\/fudloop.ee\/lv\/wp-json\/wp\/v2\/pages\/20","targetHints":{"allow":["GET"]}}],"collection":[{"href":"https:\/\/fudloop.ee\/lv\/wp-json\/wp\/v2\/pages"}],"about":[{"href":"https:\/\/fudloop.ee\/lv\/wp-json\/wp\/v2\/types\/page"}],"author":[{"embeddable":true,"href":"https:\/\/fudloop.ee\/lv\/wp-json\/wp\/v2\/users\/2"}],"replies":[{"embeddable":true,"href":"https:\/\/fudloop.ee\/lv\/wp-json\/wp\/v2\/comments?post=20"}],"version-history":[{"count":5,"href":"https:\/\/fudloop.ee\/lv\/wp-json\/wp\/v2\/pages\/20\/revisions"}],"predecessor-version":[{"id":1571,"href":"https:\/\/fudloop.ee\/lv\/wp-json\/wp\/v2\/pages\/20\/revisions\/1571"}],"wp:attachment":[{"href":"https:\/\/fudloop.ee\/lv\/wp-json\/wp\/v2\/media?parent=20"}],"curies":[{"name":"wp","href":"https:\/\/api.w.org\/{rel}","templated":true}]}}