{"id":305,"date":"2021-08-16T09:03:00","date_gmt":"2021-08-16T06:03:00","guid":{"rendered":"https:\/\/fudloop.ee\/?page_id=305"},"modified":"2026-03-26T16:26:22","modified_gmt":"2026-03-26T14:26:22","slug":"toidujagamiskapid","status":"publish","type":"page","link":"https:\/\/fudloop.ee\/lv\/toidujagamiskapid\/","title":{"rendered":"Toidukapid"},"content":{"rendered":"<div data-elementor-type=\"wp-page\" data-elementor-id=\"305\" class=\"elementor elementor-305\">\n\t\t\t\t\t\t<section class=\"elementor-section elementor-top-section elementor-element elementor-element-f9467f5 elementor-section-boxed elementor-section-height-default elementor-section-height-default\" data-id=\"f9467f5\" data-element_type=\"section\">\n\t\t\t\t\t\t<div class=\"elementor-container elementor-column-gap-default\">\n\t\t\t\t\t<div class=\"elementor-column elementor-col-100 elementor-top-column elementor-element elementor-element-5074210\" data-id=\"5074210\" data-element_type=\"column\">\n\t\t\t<div class=\"elementor-widget-wrap elementor-element-populated\">\n\t\t\t\t\t\t<div class=\"elementor-element elementor-element-80e8f85 elementor-widget elementor-widget-heading\" data-id=\"80e8f85\" data-element_type=\"widget\" data-widget_type=\"heading.default\">\n\t\t\t\t<div class=\"elementor-widget-container\">\n\t\t\t\t\t<h2 class=\"elementor-heading-title elementor-size-default\">Toidukapid<\/h2>\t\t\t\t<\/div>\n\t\t\t\t<\/div>\n\t\t\t\t\t<\/div>\n\t\t<\/div>\n\t\t\t\t\t<\/div>\n\t\t<\/section>\n\t\t\t\t<section class=\"elementor-section elementor-top-section elementor-element elementor-element-f7536fc elementor-section-boxed elementor-section-height-default elementor-section-height-default\" data-id=\"f7536fc\" data-element_type=\"section\">\n\t\t\t\t\t\t<div class=\"elementor-container elementor-column-gap-default\">\n\t\t\t\t\t<div class=\"elementor-column elementor-col-50 elementor-top-column elementor-element elementor-element-46a015c\" data-id=\"46a015c\" data-element_type=\"column\">\n\t\t\t<div class=\"elementor-widget-wrap elementor-element-populated\">\n\t\t\t\t\t\t<div class=\"elementor-element elementor-element-7a8cf43 elementor-widget elementor-widget-text-editor\" data-id=\"7a8cf43\" data-element_type=\"widget\" data-widget_type=\"text-editor.default\">\n\t\t\t\t<div class=\"elementor-widget-container\">\n\t\t\t\t\t\t\t\t\t<p>FudLoop arendab toidukappide v\u00f5rku, et p\u00e4\u00e4sta toitu ja suunata see uuesti tarbimisse.<\/p>\n<p>L\u00e4bi toidukappide kogutakse toitu ja jagatakse seda \u00fcmber FudLoopi toidukappide registreeritud kasutajatele.<\/p>\n<p>Meie toidukapid asuvad:<\/p>\n<p>Tallinn<\/p>\n<p>Keskturu toidukapp (Keldrim\u00e4e 9, Keskturu administratiivhoone k\u00fcljes).&nbsp;<\/p>\n<p>Lasnam\u00e4e toidukapp (Pallasti 54, Lasnam\u00e4e LOV hoone taga).<\/p>\n<p><span style=\"color: var( --e-global-color-text ); font-family: var( --e-global-typography-text-font-family ), Sans-serif; font-weight: var( --e-global-typography-text-font-weight ); font-size: 1rem;\">Mustam\u00e4e toidukapp (E. Vilde tee 71, Maxima k\u00f5rval<\/span><\/p>\n<p><span style=\"color: var( --e-global-color-text ); font-family: var( --e-global-typography-text-font-family ), Sans-serif; font-weight: var( --e-global-typography-text-font-weight ); font-size: 1rem;\">P\u00e4rnu<\/span><\/p>\n<p><span style=\"color: var( --e-global-color-text ); font-family: var( --e-global-typography-text-font-family ), Sans-serif; font-weight: var( --e-global-typography-text-font-weight ); font-size: 1rem;\">P\u00e4rnu toidukapp (Metsa 1). Toitu jagatakse kapi juures igal t\u00f6\u00f6p\u00e4eval kl 19.00-19.15 vahel.<\/span><\/p>\t\t\t\t\t\t\t\t<\/div>\n\t\t\t\t<\/div>\n\t\t\t\t\t<\/div>\n\t\t<\/div>\n\t\t\t\t<div class=\"elementor-column elementor-col-50 elementor-top-column elementor-element elementor-element-7ff23ec\" data-id=\"7ff23ec\" data-element_type=\"column\" data-settings=\"{&quot;background_background&quot;:&quot;classic&quot;}\">\n\t\t\t<div class=\"elementor-widget-wrap elementor-element-populated\">\n\t\t\t\t\t\t<div class=\"elementor-element elementor-element-f78a434 elementor-widget elementor-widget-html\" data-id=\"f78a434\" data-element_type=\"widget\" data-widget_type=\"html.default\">\n\t\t\t\t<div class=\"elementor-widget-container\">\n\t\t\t\t\t<iframe frameborder=\"0\" scrolling=\"no\" style=\"height:400px;width:800px;border:none;\" src='https:\/\/fudloop.ee\/tallinn\/keskturg\/kaart.html'><\/iframe>\t\t\t\t<\/div>\n\t\t\t\t<\/div>\n\t\t\t\t\t<\/div>\n\t\t<\/div>\n\t\t\t\t\t<\/div>\n\t\t<\/section>\n\t\t\t\t<\/div>","protected":false},"excerpt":{"rendered":"<p>Toidukapid FudLoop arendab toidukappide v\u00f5rku, et p\u00e4\u00e4sta toitu ja suunata see uuesti tarbimisse. L\u00e4bi toidukappide kogutakse toitu ja jagatakse seda \u00fcmber FudLoopi toidukappide registreeritud kasutajatele. Meie toidukapid asuvad: Tallinn Keskturu toidukapp (Keldrim\u00e4e 9, Keskturu administratiivhoone k\u00fcljes).&nbsp; Lasnam\u00e4e toidukapp (Pallasti 54, Lasnam\u00e4e LOV hoone taga). Mustam\u00e4e toidukapp (E. Vilde tee 71, Maxima k\u00f5rval P\u00e4rnu P\u00e4rnu toidukapp [&hellip;]<\/p>","protected":false},"author":2,"featured_media":0,"parent":0,"menu_order":0,"comment_status":"closed","ping_status":"closed","template":"elementor_theme","meta":{"footnotes":""},"class_list":["post-305","page","type-page","status-publish","hentry"],"_links":{"self":[{"href":"https:\/\/fudloop.ee\/lv\/wp-json\/wp\/v2\/pages\/305","targetHints":{"allow":["GET"]}}],"collection":[{"href":"https:\/\/fudloop.ee\/lv\/wp-json\/wp\/v2\/pages"}],"about":[{"href":"https:\/\/fudloop.ee\/lv\/wp-json\/wp\/v2\/types\/page"}],"author":[{"embeddable":true,"href":"https:\/\/fudloop.ee\/lv\/wp-json\/wp\/v2\/users\/2"}],"replies":[{"embeddable":true,"href":"https:\/\/fudloop.ee\/lv\/wp-json\/wp\/v2\/comments?post=305"}],"version-history":[{"count":5,"href":"https:\/\/fudloop.ee\/lv\/wp-json\/wp\/v2\/pages\/305\/revisions"}],"predecessor-version":[{"id":2251,"href":"https:\/\/fudloop.ee\/lv\/wp-json\/wp\/v2\/pages\/305\/revisions\/2251"}],"wp:attachment":[{"href":"https:\/\/fudloop.ee\/lv\/wp-json\/wp\/v2\/media?parent=305"}],"curies":[{"name":"wp","href":"https:\/\/api.w.org\/{rel}","templated":true}]}}