{"id":527,"date":"2021-11-21T20:31:46","date_gmt":"2021-11-21T18:31:46","guid":{"rendered":"https:\/\/fudloop.ee\/?page_id=527"},"modified":"2024-08-31T21:37:41","modified_gmt":"2024-08-31T18:37:41","slug":"hakka-kasutajaks","status":"publish","type":"page","link":"https:\/\/fudloop.ee\/lv\/hakka-kasutajaks\/","title":{"rendered":""},"content":{"rendered":"<div data-elementor-type=\"wp-page\" data-elementor-id=\"527\" class=\"elementor elementor-527\">\n\t\t\t\t\t\t<section class=\"elementor-section elementor-top-section elementor-element elementor-element-45e43ad5 elementor-section-boxed elementor-section-height-default elementor-section-height-default\" data-id=\"45e43ad5\" data-element_type=\"section\">\n\t\t\t\t\t\t<div class=\"elementor-container elementor-column-gap-default\">\n\t\t\t\t\t<div class=\"elementor-column elementor-col-100 elementor-top-column elementor-element elementor-element-751a6e77\" data-id=\"751a6e77\" data-element_type=\"column\">\n\t\t\t<div class=\"elementor-widget-wrap elementor-element-populated\">\n\t\t\t\t\t\t<div class=\"elementor-element elementor-element-cac71f7 elementor-widget elementor-widget-text-editor\" data-id=\"cac71f7\" data-element_type=\"widget\" data-widget_type=\"text-editor.default\">\n\t\t\t\t<div class=\"elementor-widget-container\">\n\t\t\t\t\t\t\t\t\t\n<!---<p>Hetkel ei ole v\u00f5imalik toidujagamiskapi kasutajaks registreeruda. Palume v\u00f5tta \u00fchendust abi@fudloop.ee<\/p>--><iframe src=\"https:\/\/docs.google.com\/forms\/d\/e\/1FAIpQLSe69A1Linj4-kno4wQw5ZCeWloQ5DRfnUkcJs3tFcUUmsFNag\/viewform?embedded=true\" marginheight=\"0\" marginwidth=\"0\" width=\"640\" height=\"2600\" frameborder=\"0\">Loading\u2026<\/iframe>\n<p style=\"font-family:poppins; font-size:15px; max-width:600px;padding-left:30px;color:#5891ad\" > Palun j\u00e4lgi vormi esitamise j\u00e4rel oma e-kirju. Registreerumise kinnituskiri saabub e-kirjana. K\u00fcsimuste korral v\u00f5ta meiega \u00fchendust: info@fudloop.ee \/ \u041f\u043e\u0441\u043b\u0435 \u0440\u0435\u0433\u0438\u0441\u0442\u0440\u0430\u0446\u0438\u0438 \u043f\u0440\u043e\u0432\u0435\u0440\u044c\u0442\u0435 \u0441\u0432\u043e\u044e \u044d\u043b\u0435\u043a\u0442\u0440\u043e\u043d\u043d\u0443\u044e \u043f\u043e\u0447\u0442\u0443. <\/p>\n\t\t\t\t\t\t\t\t<\/div>\n\t\t\t\t<\/div>\n\t\t\t\t\t<\/div>\n\t\t<\/div>\n\t\t\t\t\t<\/div>\n\t\t<\/section>\n\t\t\t\t<\/div>","protected":false},"excerpt":{"rendered":"<p>Loading\u2026 Palun j\u00e4lgi vormi esitamise j\u00e4rel oma e-kirju. Registreerumise kinnituskiri saabub e-kirjana. K\u00fcsimuste korral v\u00f5ta meiega \u00fchendust: info@fudloop.ee \/ \u041f\u043e\u0441\u043b\u0435 \u0440\u0435\u0433\u0438\u0441\u0442\u0440\u0430\u0446\u0438\u0438 \u043f\u0440\u043e\u0432\u0435\u0440\u044c\u0442\u0435 \u0441\u0432\u043e\u044e \u044d\u043b\u0435\u043a\u0442\u0440\u043e\u043d\u043d\u0443\u044e \u043f\u043e\u0447\u0442\u0443.<\/p>","protected":false},"author":1,"featured_media":0,"parent":0,"menu_order":0,"comment_status":"closed","ping_status":"closed","template":"","meta":{"footnotes":""},"class_list":["post-527","page","type-page","status-publish","hentry"],"_links":{"self":[{"href":"https:\/\/fudloop.ee\/lv\/wp-json\/wp\/v2\/pages\/527","targetHints":{"allow":["GET"]}}],"collection":[{"href":"https:\/\/fudloop.ee\/lv\/wp-json\/wp\/v2\/pages"}],"about":[{"href":"https:\/\/fudloop.ee\/lv\/wp-json\/wp\/v2\/types\/page"}],"author":[{"embeddable":true,"href":"https:\/\/fudloop.ee\/lv\/wp-json\/wp\/v2\/users\/1"}],"replies":[{"embeddable":true,"href":"https:\/\/fudloop.ee\/lv\/wp-json\/wp\/v2\/comments?post=527"}],"version-history":[{"count":5,"href":"https:\/\/fudloop.ee\/lv\/wp-json\/wp\/v2\/pages\/527\/revisions"}],"predecessor-version":[{"id":2032,"href":"https:\/\/fudloop.ee\/lv\/wp-json\/wp\/v2\/pages\/527\/revisions\/2032"}],"wp:attachment":[{"href":"https:\/\/fudloop.ee\/lv\/wp-json\/wp\/v2\/media?parent=527"}],"curies":[{"name":"wp","href":"https:\/\/api.w.org\/{rel}","templated":true}]}}