{"id":657,"date":"2022-01-13T12:03:48","date_gmt":"2022-01-13T10:03:48","guid":{"rendered":"https:\/\/fudloop.ee\/?page_id=657"},"modified":"2025-09-01T12:34:28","modified_gmt":"2025-09-01T09:34:28","slug":"abi","status":"publish","type":"page","link":"https:\/\/fudloop.ee\/lv\/abi\/","title":{"rendered":"Korduma kippuvad k\u00fcsimused"},"content":{"rendered":"<div data-elementor-type=\"wp-page\" data-elementor-id=\"657\" class=\"elementor elementor-657\">\n\t\t\t\t\t\t<section class=\"elementor-section elementor-top-section elementor-element elementor-element-3e7de6e elementor-section-boxed elementor-section-height-default elementor-section-height-default\" data-id=\"3e7de6e\" data-element_type=\"section\">\n\t\t\t\t\t\t<div class=\"elementor-container elementor-column-gap-default\">\n\t\t\t\t\t<div class=\"elementor-column elementor-col-100 elementor-top-column elementor-element elementor-element-82b77cf\" data-id=\"82b77cf\" data-element_type=\"column\">\n\t\t\t<div class=\"elementor-widget-wrap elementor-element-populated\">\n\t\t\t\t\t\t<div class=\"elementor-element elementor-element-d35d4d8 elementor-widget elementor-widget-heading\" data-id=\"d35d4d8\" data-element_type=\"widget\" data-widget_type=\"heading.default\">\n\t\t\t\t<div class=\"elementor-widget-container\">\n\t\t\t\t\t<h2 class=\"elementor-heading-title elementor-size-default\">Korduma kippuvad k\u00fcsimused<\/h2>\t\t\t\t<\/div>\n\t\t\t\t<\/div>\n\t\t\t\t\t<\/div>\n\t\t<\/div>\n\t\t\t\t\t<\/div>\n\t\t<\/section>\n\t\t\t\t<section class=\"elementor-section elementor-top-section elementor-element elementor-element-52412663 elementor-section-boxed elementor-section-height-default elementor-section-height-default\" data-id=\"52412663\" data-element_type=\"section\">\n\t\t\t\t\t\t<div class=\"elementor-container elementor-column-gap-default\">\n\t\t\t\t\t<div class=\"elementor-column elementor-col-50 elementor-top-column elementor-element elementor-element-43b2528e\" data-id=\"43b2528e\" data-element_type=\"column\">\n\t\t\t<div class=\"elementor-widget-wrap elementor-element-populated\">\n\t\t\t\t\t\t<div class=\"elementor-element elementor-element-21e5ba6 elementor-widget elementor-widget-text-editor\" data-id=\"21e5ba6\" data-element_type=\"widget\" data-widget_type=\"text-editor.default\">\n\t\t\t\t<div class=\"elementor-widget-container\">\n\t\t\t\t\t\t\t\t\t<p><strong>Kus<\/strong><b> toidujagamiskapid asub?<\/b><\/p>\n<p>Meie toidujagamiskapid asuvad Tallinnas aadressil Keldrim\u00e4e 9&nbsp; (Kesklinna kapp), Pallasti 54 (Lasnam\u00e4e kapp), E. Vilde tee 71 (Mustam\u00e4e kapp) ja P\u00e4rnus aadressil Metsa 1 (P\u00e4rnu toidukapp).<\/p>\n<p><strong>Millistel aegadel toidujagamiskappi kasutada saab?<\/strong><\/p>\n<p>Kapp on registreerunud kasutajatele avatav iga p\u00e4ev 9:00-23:59.<\/p>\n<p><b>Kellele on toidujagamiskapp m\u00f5eldud?<\/b><\/p>\n<p>Toidujagamiskapp on m\u00f5eldud k\u00f5igile. Toidujagamiskapp ei ole sama, mis Toidupank \u2013 me ei kogu spetsiaalselt annetamiseks ostetud toitu ega vahenda sotsiaalabi.&nbsp;&nbsp;Toidujagamiskapi eesm\u00e4rk on suunata huvilisteni \u00fcle j\u00e4\u00e4nud s\u00f6\u00f6misk\u00f5lblik toit, millel on oht j\u00f5uda pr\u00fcgikasti. Kapi kasutamiseks peab esmalt ennast registreerima, seej\u00e4rel saab kappi kasutada nii toidu annetamiseks kui ka v\u00f5tmiseks.<\/p>\n<p><b>Kas kapi kasutamise eest tuleb maksta?<\/b><\/p>\n<p>Jah. Kapi kasutamise eest tuleb maksta kuutasu summas 10 \u20ac.<\/p>\n<p><strong>Kuidas maksta toidujagamiskapi kuutasu?<\/strong><\/p>\n<p>Maksta tuleb isikliku makselingiga, mille saad enda meiliaadressile.<br>Maksta saab ka \u00f5htuti kohapeal sularahas &#8211; kirjuta aadressile info@fudloop.ee. Tavalise panga\u00fclekandega kuutasu maksta ei saa, ainult pangalingiga.<\/p>\n<p><\/p>\n<p><strong>Kuidas ma saan toidujagamiskapi ukse avada?<\/strong><\/p>\n<p>Toidujagamiskapi uks on nutilukuga suletud. Ligip\u00e4\u00e4su saamiseks registreeru esmalt kasutajaks lehel <a href=\"https:\/\/fudloop.ee\/lv\/hakka-kasutajaks\/\" target=\"_blank\" rel=\"noopener\">\u201eHakka kasutajaks\u201c<\/a>.<br>J\u00e4rgi meiliaadressile saabuvaid juhiseid.<\/p>\n<p><strong>Miks k\u00e4ib toidujagamiskapp lukku?<\/strong><\/p>\n<p>Kapi lukus hoidmine aitab piirata vandalismi ja on vajalik toiduohutuse jaoks. Toitu annetavatele ettev\u00f5tetele on v\u00e4ga oluline, et &#8220;k\u00f5lblik kuni&#8221; toitu ei saaks kapist peale 00:00 k\u00e4tte. Kapi v\u00e4\u00e4rkasutamise vms probleemide korral saame vajadusel v\u00e4lja selgitada, kes on mingil ajaperioodil toitu annetanud ja v\u00f5tnud.<\/p>\n<p><strong>Kuidas ma saan toidujagamiskapi uksekoodiga avada?<\/strong><\/p>\n<p>Uksekood tuleb sisestada ukse k\u00fcljes oleval nuppudega<br>tablool. <br>Sisesta ligip\u00e4\u00e4sukood ja vali kindlasti l\u00f5pus m\u00e4rk #. Kui midagi l\u00e4ks valesti, siis m\u00e4rk * t\u00fchistab sisse kirjutatud numbrid.<\/p>\n<p><\/p>\n<p><strong>Kuidas toidujagamiskapi uks kinni panna?<\/strong><\/p>\n<p>Vajuta uksed kohakuti ja oota umbes kaks sekundit kuni uks sulgub automaatselt.<\/p>\n<p><b>Millist toitu v\u00f5ib toidujagamiskappi tuua?<\/b><\/p>\n<p>Too kappi tarvitamisk\u00f5lblik toit, mis on \u00fcle j\u00e4\u00e4nud. Toidujagamiskapis on +4 k\u00fclmkapp ja riiulid toidule, mis ei vaja eritemperatuuri. Arvesta, et&nbsp;<span style=\"color: var( --e-global-color-text ); font-family: var( --e-global-typography-text-font-family ), Sans-serif; font-weight: var( --e-global-typography-text-font-weight ); font-size: 1rem;\">toidujagamiskapis&nbsp;<\/span><span style=\"color: var( --e-global-color-text ); font-family: var( --e-global-typography-text-font-family ), Sans-serif; font-weight: var( --e-global-typography-text-font-weight ); font-size: 1rem;\">ei ole s\u00fcgavk\u00fclmikut. Annetatava toidu kohta saad t\u00e4psemalt lugeda lehelt&nbsp;<\/span><a href=\"https:\/\/fudloop.ee\/lv\/kasutustingimused\/\" target=\"_blank\" rel=\"noopener\">https:\/\/fudloop.ee\/kasutustingimused\/<\/a><span style=\"color: var( --e-global-color-text ); font-family: var( --e-global-typography-text-font-family ), Sans-serif; font-weight: var( --e-global-typography-text-font-weight ); font-size: 1rem;\">&nbsp;<\/span><span style=\"color: var( --e-global-color-text ); font-family: var( --e-global-typography-text-font-family ), Sans-serif; font-weight: var( --e-global-typography-text-font-weight ); font-size: 1rem;\"><br>Kui sul on k\u00fcsimusi, millist toitu saab annetada, siis palun kirjuta meile&nbsp;<\/span> abi@fudloop.ee<\/p>\n<p><!-- \/wp:paragraph --><\/p>\n<p><\/p>\n<p><strong>Miks ma ei saa kappi kasutada kuigi olen kuutasu maksnud?<\/strong><\/p>\n<p>K\u00f5igi kasutajate ligip\u00e4\u00e4s kapile on piiratud vahemikus 00:00-09:00<\/p>\n<p><\/p>\t\t\t\t\t\t\t\t<\/div>\n\t\t\t\t<\/div>\n\t\t\t\t\t<\/div>\n\t\t<\/div>\n\t\t\t\t<div class=\"elementor-column elementor-col-50 elementor-top-column elementor-element elementor-element-8088c24\" data-id=\"8088c24\" data-element_type=\"column\">\n\t\t\t<div class=\"elementor-widget-wrap elementor-element-populated\">\n\t\t\t\t\t\t<div class=\"elementor-element elementor-element-fc2458c elementor-widget elementor-widget-image\" data-id=\"fc2458c\" data-element_type=\"widget\" data-widget_type=\"image.default\">\n\t\t\t\t<div class=\"elementor-widget-container\">\n\t\t\t\t\t\t\t\t\t\t\t\t\t\t\t<img fetchpriority=\"high\" decoding=\"async\" width=\"800\" height=\"530\" src=\"https:\/\/fudloop.ee\/wp-content\/uploads\/2022\/01\/pexels-pixabay-48817-1024x678.jpg\" class=\"attachment-large size-large wp-image-633\" alt=\"\" srcset=\"https:\/\/fudloop.ee\/wp-content\/uploads\/2022\/01\/pexels-pixabay-48817-1024x678.jpg 1024w, https:\/\/fudloop.ee\/wp-content\/uploads\/2022\/01\/pexels-pixabay-48817-300x199.jpg 300w, https:\/\/fudloop.ee\/wp-content\/uploads\/2022\/01\/pexels-pixabay-48817-768x509.jpg 768w, https:\/\/fudloop.ee\/wp-content\/uploads\/2022\/01\/pexels-pixabay-48817-1536x1017.jpg 1536w, https:\/\/fudloop.ee\/wp-content\/uploads\/2022\/01\/pexels-pixabay-48817-2048x1356.jpg 2048w\" sizes=\"(max-width: 800px) 100vw, 800px\" \/>\t\t\t\t\t\t\t\t\t\t\t\t\t\t\t<\/div>\n\t\t\t\t<\/div>\n\t\t\t\t<div class=\"elementor-element elementor-element-2b48852 elementor-widget elementor-widget-spacer\" data-id=\"2b48852\" data-element_type=\"widget\" data-widget_type=\"spacer.default\">\n\t\t\t\t<div class=\"elementor-widget-container\">\n\t\t\t\t\t\t\t<div class=\"elementor-spacer\">\n\t\t\t<div class=\"elementor-spacer-inner\"><\/div>\n\t\t<\/div>\n\t\t\t\t\t\t<\/div>\n\t\t\t\t<\/div>\n\t\t\t\t\t<\/div>\n\t\t<\/div>\n\t\t\t\t\t<\/div>\n\t\t<\/section>\n\t\t\t\t<\/div>","protected":false},"excerpt":{"rendered":"<p>Korduma kippuvad k\u00fcsimused Kus toidujagamiskapid asub? Meie toidujagamiskapid asuvad Tallinnas aadressil Keldrim\u00e4e 9&nbsp; (Kesklinna kapp), Pallasti 54 (Lasnam\u00e4e kapp), E. Vilde tee 71 (Mustam\u00e4e kapp) ja P\u00e4rnus aadressil Metsa 1 (P\u00e4rnu toidukapp). Millistel aegadel toidujagamiskappi kasutada saab? Kapp on registreerunud kasutajatele avatav iga p\u00e4ev 9:00-23:59. Kellele on toidujagamiskapp m\u00f5eldud? Toidujagamiskapp on m\u00f5eldud k\u00f5igile. Toidujagamiskapp ei [&hellip;]<\/p>","protected":false},"author":1,"featured_media":631,"parent":0,"menu_order":0,"comment_status":"closed","ping_status":"closed","template":"elementor_theme","meta":{"footnotes":""},"class_list":["post-657","page","type-page","status-publish","has-post-thumbnail","hentry"],"_links":{"self":[{"href":"https:\/\/fudloop.ee\/lv\/wp-json\/wp\/v2\/pages\/657","targetHints":{"allow":["GET"]}}],"collection":[{"href":"https:\/\/fudloop.ee\/lv\/wp-json\/wp\/v2\/pages"}],"about":[{"href":"https:\/\/fudloop.ee\/lv\/wp-json\/wp\/v2\/types\/page"}],"author":[{"embeddable":true,"href":"https:\/\/fudloop.ee\/lv\/wp-json\/wp\/v2\/users\/1"}],"replies":[{"embeddable":true,"href":"https:\/\/fudloop.ee\/lv\/wp-json\/wp\/v2\/comments?post=657"}],"version-history":[{"count":5,"href":"https:\/\/fudloop.ee\/lv\/wp-json\/wp\/v2\/pages\/657\/revisions"}],"predecessor-version":[{"id":2077,"href":"https:\/\/fudloop.ee\/lv\/wp-json\/wp\/v2\/pages\/657\/revisions\/2077"}],"wp:featuredmedia":[{"embeddable":true,"href":"https:\/\/fudloop.ee\/lv\/wp-json\/wp\/v2\/media\/631"}],"wp:attachment":[{"href":"https:\/\/fudloop.ee\/lv\/wp-json\/wp\/v2\/media?parent=657"}],"curies":[{"name":"wp","href":"https:\/\/api.w.org\/{rel}","templated":true}]}}