{"id":712,"date":"2022-01-14T21:52:05","date_gmt":"2022-01-14T19:52:05","guid":{"rendered":"https:\/\/fudloop.ee\/?page_id=712"},"modified":"2022-10-20T14:27:10","modified_gmt":"2022-10-20T11:27:10","slug":"toeta","status":"publish","type":"page","link":"https:\/\/fudloop.ee\/lv\/toeta\/","title":{"rendered":"Toeta"},"content":{"rendered":"<div data-elementor-type=\"wp-page\" data-elementor-id=\"712\" class=\"elementor elementor-712\">\n\t\t\t\t\t\t<section class=\"elementor-section elementor-top-section elementor-element elementor-element-3e7de6e elementor-section-boxed elementor-section-height-default elementor-section-height-default\" data-id=\"3e7de6e\" data-element_type=\"section\">\n\t\t\t\t\t\t<div class=\"elementor-container elementor-column-gap-default\">\n\t\t\t\t\t<div class=\"elementor-column elementor-col-100 elementor-top-column elementor-element elementor-element-82b77cf\" data-id=\"82b77cf\" data-element_type=\"column\">\n\t\t\t<div class=\"elementor-widget-wrap elementor-element-populated\">\n\t\t\t\t\t\t<div class=\"elementor-element elementor-element-d35d4d8 elementor-widget elementor-widget-heading\" data-id=\"d35d4d8\" data-element_type=\"widget\" data-widget_type=\"heading.default\">\n\t\t\t\t<div class=\"elementor-widget-container\">\n\t\t\t\t\t<h2 class=\"elementor-heading-title elementor-size-default\">Toeta<\/h2>\t\t\t\t<\/div>\n\t\t\t\t<\/div>\n\t\t\t\t\t<\/div>\n\t\t<\/div>\n\t\t\t\t\t<\/div>\n\t\t<\/section>\n\t\t\t\t<section class=\"elementor-section elementor-top-section elementor-element elementor-element-52412663 elementor-section-boxed elementor-section-height-default elementor-section-height-default\" data-id=\"52412663\" data-element_type=\"section\">\n\t\t\t\t\t\t<div class=\"elementor-container elementor-column-gap-default\">\n\t\t\t\t\t<div class=\"elementor-column elementor-col-50 elementor-top-column elementor-element elementor-element-43b2528e\" data-id=\"43b2528e\" data-element_type=\"column\">\n\t\t\t<div class=\"elementor-widget-wrap elementor-element-populated\">\n\t\t\t\t\t\t<div class=\"elementor-element elementor-element-21e5ba6 elementor-widget elementor-widget-text-editor\" data-id=\"21e5ba6\" data-element_type=\"widget\" data-widget_type=\"text-editor.default\">\n\t\t\t\t<div class=\"elementor-widget-container\">\n\t\t\t\t\t\t\t\t\t<p><\/p>\n<p>FudLoop kogub rahalisi annetusi, et rajada toidujagamiskappe\u00a0ja katta toidu p\u00e4\u00e4stmisega seotud transpordikulusid.<\/p>\n<p>FudLoop O\u00dc ei ole tulumaksusoodustusega organisatsioonide nimekirjas ja meile tehtud annetustelt tulumaksu tagasi taotleda ei saa.<\/p>\n<p><\/p>\t\t\t\t\t\t\t\t<\/div>\n\t\t\t\t<\/div>\n\t\t\t\t<section class=\"elementor-section elementor-inner-section elementor-element elementor-element-54587a5 elementor-section-boxed elementor-section-height-default elementor-section-height-default\" data-id=\"54587a5\" data-element_type=\"section\">\n\t\t\t\t\t\t<div class=\"elementor-container elementor-column-gap-default\">\n\t\t\t\t\t<div class=\"elementor-column elementor-col-100 elementor-inner-column elementor-element elementor-element-61a28c4\" data-id=\"61a28c4\" data-element_type=\"column\">\n\t\t\t<div class=\"elementor-widget-wrap elementor-element-populated\">\n\t\t\t\t\t\t<div class=\"elementor-element elementor-element-1bee935 elementor-align-center elementor-widget elementor-widget-button\" data-id=\"1bee935\" data-element_type=\"widget\" data-widget_type=\"button.default\">\n\t\t\t\t<div class=\"elementor-widget-container\">\n\t\t\t\t\t\t\t\t\t<div class=\"elementor-button-wrapper\">\n\t\t\t\t\t<a class=\"elementor-button elementor-button-link elementor-size-sm\" href=\"https:\/\/pay.every-pay.eu\/lp\/ubyot5\" target=\"_blank\">\n\t\t\t\t\t\t<span class=\"elementor-button-content-wrapper\">\n\t\t\t\t\t\t\t\t\t<span class=\"elementor-button-text\">\u00dchekordne annetus<\/span>\n\t\t\t\t\t<\/span>\n\t\t\t\t\t<\/a>\n\t\t\t\t<\/div>\n\t\t\t\t\t\t\t\t<\/div>\n\t\t\t\t<\/div>\n\t\t\t\t<div class=\"elementor-element elementor-element-8097c8d elementor-align-center elementor-widget elementor-widget-button\" data-id=\"8097c8d\" data-element_type=\"widget\" data-widget_type=\"button.default\">\n\t\t\t\t<div class=\"elementor-widget-container\">\n\t\t\t\t\t\t\t\t\t<div class=\"elementor-button-wrapper\">\n\t\t\t\t\t<a class=\"elementor-button elementor-button-link elementor-size-sm\" href=\"https:\/\/e.seb.ee\/ip\/ipank?UID=7fa43092-79eb-48e3-83ef-f2933042ac2c&#038;act=ADDSOSMARTPAYM&#038;lang=EST&#038;field1=benname&#038;value1=%20FudLoopO%C3%9C%20&#038;field3=benacc&#038;value3=%20EE132200221077188828&#038;field10=desc&#038;value10=Annetus&#038;field11=refid&#038;value11=&#038;field5=amount&#038;value5=&#038;sofield1=frequency&#038;sovalue1=3&#038;paymtype=REMSEBEE&#038;field6=currency&#038;value6=EUR&#038;sofield2=startdt&#038;sofield3=enddt&#038;sovalue4=CIF&#038;sofield4=paymtype\" target=\"_blank\">\n\t\t\t\t\t\t<span class=\"elementor-button-content-wrapper\">\n\t\t\t\t\t\t\t\t\t<span class=\"elementor-button-text\">P\u00fcsiannetus (SEB)<\/span>\n\t\t\t\t\t<\/span>\n\t\t\t\t\t<\/a>\n\t\t\t\t<\/div>\n\t\t\t\t\t\t\t\t<\/div>\n\t\t\t\t<\/div>\n\t\t\t\t\t<\/div>\n\t\t<\/div>\n\t\t\t\t\t<\/div>\n\t\t<\/section>\n\t\t\t\t<section class=\"elementor-section elementor-inner-section elementor-element elementor-element-452797b elementor-section-boxed elementor-section-height-default elementor-section-height-default\" data-id=\"452797b\" data-element_type=\"section\">\n\t\t\t\t\t\t<div class=\"elementor-container elementor-column-gap-default\">\n\t\t\t\t\t<div class=\"elementor-column elementor-col-100 elementor-inner-column elementor-element elementor-element-532e767\" data-id=\"532e767\" data-element_type=\"column\">\n\t\t\t<div class=\"elementor-widget-wrap elementor-element-populated\">\n\t\t\t\t\t\t<div class=\"elementor-element elementor-element-e7e62df elementor-widget elementor-widget-spacer\" data-id=\"e7e62df\" data-element_type=\"widget\" data-widget_type=\"spacer.default\">\n\t\t\t\t<div class=\"elementor-widget-container\">\n\t\t\t\t\t\t\t<div class=\"elementor-spacer\">\n\t\t\t<div class=\"elementor-spacer-inner\"><\/div>\n\t\t<\/div>\n\t\t\t\t\t\t<\/div>\n\t\t\t\t<\/div>\n\t\t\t\t<div class=\"elementor-element elementor-element-9053df0 elementor-widget elementor-widget-text-editor\" data-id=\"9053df0\" data-element_type=\"widget\" data-widget_type=\"text-editor.default\">\n\t\t\t\t<div class=\"elementor-widget-container\">\n\t\t\t\t\t\t\t\t\t<p>Pank: Swedbank AS<br \/>Annetuse saaja: Fudloop O\u00dc<br \/>Konto number:\u00a0<a title=\"Konto v\u00e4ljav\u00f5te\">EE132200221077188828<br \/><\/a>Selgitus: Annetus<\/p>\n<p>\u00a0<\/p>\t\t\t\t\t\t\t\t<\/div>\n\t\t\t\t<\/div>\n\t\t\t\t<div class=\"elementor-element elementor-element-0aa34d6 elementor-widget elementor-widget-text-editor\" data-id=\"0aa34d6\" data-element_type=\"widget\" data-widget_type=\"text-editor.default\">\n\t\t\t\t<div class=\"elementor-widget-container\">\n\t\t\t\t\t\t\t\t\t<p><strong>Kuutasu maksmiseks kasuta makselinki, mis tuleb meiliaadressile.<\/strong><\/p>\t\t\t\t\t\t\t\t<\/div>\n\t\t\t\t<\/div>\n\t\t\t\t\t<\/div>\n\t\t<\/div>\n\t\t\t\t\t<\/div>\n\t\t<\/section>\n\t\t\t\t\t<\/div>\n\t\t<\/div>\n\t\t\t\t<div class=\"elementor-column elementor-col-50 elementor-top-column elementor-element elementor-element-8088c24\" data-id=\"8088c24\" data-element_type=\"column\">\n\t\t\t<div class=\"elementor-widget-wrap elementor-element-populated\">\n\t\t\t\t\t\t<div class=\"elementor-element elementor-element-8015f3b elementor-widget elementor-widget-image\" data-id=\"8015f3b\" data-element_type=\"widget\" data-widget_type=\"image.default\">\n\t\t\t\t<div class=\"elementor-widget-container\">\n\t\t\t\t\t\t\t\t\t\t\t\t\t\t\t<img fetchpriority=\"high\" decoding=\"async\" width=\"768\" height=\"512\" src=\"https:\/\/fudloop.ee\/wp-content\/uploads\/2021\/08\/toeta-768x512.jpg\" class=\"attachment-medium_large size-medium_large wp-image-338\" alt=\"\" srcset=\"https:\/\/fudloop.ee\/wp-content\/uploads\/2021\/08\/toeta-768x512.jpg 768w, https:\/\/fudloop.ee\/wp-content\/uploads\/2021\/08\/toeta-300x200.jpg 300w, https:\/\/fudloop.ee\/wp-content\/uploads\/2021\/08\/toeta-1024x683.jpg 1024w, https:\/\/fudloop.ee\/wp-content\/uploads\/2021\/08\/toeta-1536x1024.jpg 1536w, https:\/\/fudloop.ee\/wp-content\/uploads\/2021\/08\/toeta.jpg 1920w\" sizes=\"(max-width: 768px) 100vw, 768px\" \/>\t\t\t\t\t\t\t\t\t\t\t\t\t\t\t<\/div>\n\t\t\t\t<\/div>\n\t\t\t\t\t<\/div>\n\t\t<\/div>\n\t\t\t\t\t<\/div>\n\t\t<\/section>\n\t\t\t\t<\/div>","protected":false},"excerpt":{"rendered":"<p>Toeta FudLoop kogub rahalisi annetusi, et rajada toidujagamiskappe\u00a0ja katta toidu p\u00e4\u00e4stmisega seotud transpordikulusid. FudLoop O\u00dc ei ole tulumaksusoodustusega organisatsioonide nimekirjas ja meile tehtud annetustelt tulumaksu tagasi taotleda ei saa. \u00dchekordne annetus P\u00fcsiannetus (SEB) Pank: Swedbank ASAnnetuse saaja: Fudloop O\u00dcKonto number:\u00a0EE132200221077188828Selgitus: Annetus \u00a0 Kuutasu maksmiseks kasuta makselinki, mis tuleb meiliaadressile.<\/p>","protected":false},"author":1,"featured_media":0,"parent":0,"menu_order":0,"comment_status":"closed","ping_status":"closed","template":"elementor_theme","meta":{"footnotes":""},"class_list":["post-712","page","type-page","status-publish","hentry"],"_links":{"self":[{"href":"https:\/\/fudloop.ee\/lv\/wp-json\/wp\/v2\/pages\/712","targetHints":{"allow":["GET"]}}],"collection":[{"href":"https:\/\/fudloop.ee\/lv\/wp-json\/wp\/v2\/pages"}],"about":[{"href":"https:\/\/fudloop.ee\/lv\/wp-json\/wp\/v2\/types\/page"}],"author":[{"embeddable":true,"href":"https:\/\/fudloop.ee\/lv\/wp-json\/wp\/v2\/users\/1"}],"replies":[{"embeddable":true,"href":"https:\/\/fudloop.ee\/lv\/wp-json\/wp\/v2\/comments?post=712"}],"version-history":[{"count":5,"href":"https:\/\/fudloop.ee\/lv\/wp-json\/wp\/v2\/pages\/712\/revisions"}],"predecessor-version":[{"id":1756,"href":"https:\/\/fudloop.ee\/lv\/wp-json\/wp\/v2\/pages\/712\/revisions\/1756"}],"wp:attachment":[{"href":"https:\/\/fudloop.ee\/lv\/wp-json\/wp\/v2\/media?parent=712"}],"curies":[{"name":"wp","href":"https:\/\/api.w.org\/{rel}","templated":true}]}}